{"id":30,"date":"2025-02-04T17:44:54","date_gmt":"2025-02-04T16:44:54","guid":{"rendered":"https:\/\/cjedesbleuets.ca\/?page_id=30"},"modified":"2025-04-02T19:20:10","modified_gmt":"2025-04-02T17:20:10","slug":"devenir-membre","status":"publish","type":"page","link":"https:\/\/cjedesbleuets.ca\/fr\/devenir-membre\/","title":{"rendered":"Devenir membre"},"content":{"rendered":"<p>[et_pb_section fb_built=\u00a0\u00bb1&Prime; _builder_version=\u00a0\u00bb4.27.4&Prime; _module_preset=\u00a0\u00bbdefault\u00a0\u00bb background_image=\u00a0\u00bbhttps:\/\/cjedesbleuets.ca\/wp-content\/uploads\/2025\/02\/bandau-cje-des-bleuets.svg\u00a0\u00bb background_position=\u00a0\u00bbbottom_center\u00a0\u00bb width=\u00a0\u00bb100%\u00a0\u00bb max_width=\u00a0\u00bb100%\u00a0\u00bb custom_margin=\u00a0\u00bb||||false|false\u00a0\u00bb custom_padding=\u00a0\u00bb||0px||false|false\u00a0\u00bb global_colors_info=\u00a0\u00bb{}\u00a0\u00bb][et_pb_row _builder_version=\u00a0\u00bb4.27.4&Prime; _module_preset=\u00a0\u00bbdefault\u00a0\u00bb custom_padding=\u00a0\u00bb||0px||false|false\u00a0\u00bb global_colors_info=\u00a0\u00bb{}\u00a0\u00bb][et_pb_column type=\u00a0\u00bb4_4&Prime; _builder_version=\u00a0\u00bb4.27.4&Prime; _module_preset=\u00a0\u00bbdefault\u00a0\u00bb global_colors_info=\u00a0\u00bb{}\u00a0\u00bb][et_pb_text module_class=\u00a0\u00bbh4-texte-bleu h1-fond-bleu\u00a0\u00bb _builder_version=\u00a0\u00bb4.27.4&Prime; _module_preset=\u00a0\u00bbdefault\u00a0\u00bb global_colors_info=\u00a0\u00bb{}\u00a0\u00bb]<\/p>\n<h4>CJE des Bleuets<\/h4>\n<h1>Devenir membre<\/h1>\n<p>[\/et_pb_text][\/et_pb_column][\/et_pb_row][\/et_pb_section][et_pb_section fb_built=\u00a0\u00bb1&Prime; module_class=\u00a0\u00bbfull-row-img-droite\u00a0\u00bb _builder_version=\u00a0\u00bb4.27.4&Prime; _module_preset=\u00a0\u00bbdefault\u00a0\u00bb custom_padding=\u00a0\u00bb||0px||false|false\u00a0\u00bb global_colors_info=\u00a0\u00bb{}\u00a0\u00bb][et_pb_row column_structure=\u00a0\u00bb1_2,1_2&Prime; use_custom_gutter=\u00a0\u00bbon\u00a0\u00bb gutter_width=\u00a0\u00bb1&Prime; make_equal=\u00a0\u00bbon\u00a0\u00bb _builder_version=\u00a0\u00bb4.27.4&Prime; _module_preset=\u00a0\u00bbdefault\u00a0\u00bb width=\u00a0\u00bb100%\u00a0\u00bb max_width=\u00a0\u00bb100%\u00a0\u00bb custom_padding=\u00a0\u00bb0px||0px||false|false\u00a0\u00bb locked=\u00a0\u00bboff\u00a0\u00bb global_colors_info=\u00a0\u00bb{}\u00a0\u00bb][et_pb_column type=\u00a0\u00bb1_2&Prime; _builder_version=\u00a0\u00bb4.27.4&Prime; _module_preset=\u00a0\u00bbdefault\u00a0\u00bb global_colors_info=\u00a0\u00bb{}\u00a0\u00bb][et_pb_text _builder_version=\u00a0\u00bb4.27.4&Prime; _module_preset=\u00a0\u00bbdefault\u00a0\u00bb hover_enabled=\u00a0\u00bb0&Prime; global_colors_info=\u00a0\u00bb{}\u00a0\u00bb module_class=\u00a0\u00bbh5-texte-bleu\u00a0\u00bb sticky_enabled=\u00a0\u00bb0&Prime;]<\/p>\n<h3>Tu souhaites <strong>promouvoir notre mission et nos activit\u00e9s<\/strong>?<\/h3>\n<h5>Tu es un fid\u00e8le collaborateur ou une personne qui nous suit d\u00e9j\u00e0?<\/h5>\n<p>[\/et_pb_text][\/et_pb_column][et_pb_column type=\u00a0\u00bb1_2&Prime; _builder_version=\u00a0\u00bb4.27.4&Prime; _module_preset=\u00a0\u00bbdefault\u00a0\u00bb global_colors_info=\u00a0\u00bb{}\u00a0\u00bb][et_pb_image src=\u00a0\u00bbhttps:\/\/cjedesbleuets.ca\/wp-content\/uploads\/2025\/03\/devenir-membre-equipe-cjedesbleuets.jpg\u00a0\u00bb alt=\u00a0\u00bbdevenir-membre-equipe-cjedesbleuets\u00a0\u00bb title_text=\u00a0\u00bbdevenir-membre-equipe-cjedesbleuets\u00a0\u00bb force_fullwidth=\u00a0\u00bbon\u00a0\u00bb _builder_version=\u00a0\u00bb4.27.4&Prime; _module_preset=\u00a0\u00bbdefault\u00a0\u00bb global_colors_info=\u00a0\u00bb{}\u00a0\u00bb][\/et_pb_image][\/et_pb_column][\/et_pb_row][\/et_pb_section][et_pb_section fb_built=\u00a0\u00bb1&Prime; _builder_version=\u00a0\u00bb4.27.4&Prime; _module_preset=\u00a0\u00bbdefault\u00a0\u00bb custom_padding=\u00a0\u00bb0px||||false|false\u00a0\u00bb global_colors_info=\u00a0\u00bb{}\u00a0\u00bb][et_pb_row _builder_version=\u00a0\u00bb4.27.4&Prime; _module_preset=\u00a0\u00bbdefault\u00a0\u00bb global_colors_info=\u00a0\u00bb{}\u00a0\u00bb][et_pb_column type=\u00a0\u00bb4_4&Prime; _builder_version=\u00a0\u00bb4.27.4&Prime; _module_preset=\u00a0\u00bbdefault\u00a0\u00bb global_colors_info=\u00a0\u00bb{}\u00a0\u00bb][et_pb_button button_text=\u00a0\u00bbDeviens membre du CJE des Bleuets\u00a0\u00bb button_alignment=\u00a0\u00bbcenter\u00a0\u00bb _builder_version=\u00a0\u00bb4.27.4&Prime; _module_preset=\u00a0\u00bbdefault\u00a0\u00bb global_colors_info=\u00a0\u00bb{}\u00a0\u00bb][\/et_pb_button][\/et_pb_column][\/et_pb_row][\/et_pb_section][et_pb_section fb_built=\u00a0\u00bb1&Prime; _builder_version=\u00a0\u00bb4.27.4&Prime; _module_preset=\u00a0\u00bbdefault\u00a0\u00bb background_color=\u00a0\u00bb#3b3931&Prime; global_colors_info=\u00a0\u00bb{}\u00a0\u00bb][et_pb_row _builder_version=\u00a0\u00bb4.27.4&Prime; _module_preset=\u00a0\u00bbdefault\u00a0\u00bb global_colors_info=\u00a0\u00bb{}\u00a0\u00bb][et_pb_column type=\u00a0\u00bb4_4&Prime; _builder_version=\u00a0\u00bb4.27.4&Prime; _module_preset=\u00a0\u00bbdefault\u00a0\u00bb global_colors_info=\u00a0\u00bb{}\u00a0\u00bb][et_pb_text module_class=\u00a0\u00bbtexte-blanc liste-crochets-ligne\u00a0\u00bb _builder_version=\u00a0\u00bb4.27.4&Prime; _module_preset=\u00a0\u00bbdefault\u00a0\u00bb global_colors_info=\u00a0\u00bb{}\u00a0\u00bb]<\/p>\n<h2>Avantages \u00e0 devenir membre :<\/h2>\n<ul>\n<li>\n<h5>Recevoir les avis de convocation aux assembl\u00e9es des membres et y assister<\/h5>\n<\/li>\n<li>\n<h5>Voter aux assembl\u00e9es des membres<\/h5>\n<\/li>\n<li>\n<h5>Pouvoir soumettre sa candidature pour si\u00e9ger au sein du CA, s\u2019il y a lieu<\/h5>\n<\/li>\n<li>\n<h5>Recevoir une invitation aux activit\u00e9s sp\u00e9ciales du CJE<\/h5>\n<\/li>\n<li>\n<h5>Faire partie d&rsquo;un r\u00e9seau dynamique et engag\u00e9<\/h5>\n<\/li>\n<\/ul>\n<p>[\/et_pb_text][\/et_pb_column][\/et_pb_row][\/et_pb_section][et_pb_section fb_built=\u00a0\u00bb1&Prime; _builder_version=\u00a0\u00bb4.27.4&Prime; _module_preset=\u00a0\u00bbdefault\u00a0\u00bb background_enable_color=\u00a0\u00bboff\u00a0\u00bb custom_padding=\u00a0\u00bb||0px||false|false\u00a0\u00bb global_colors_info=\u00a0\u00bb{}\u00a0\u00bb][et_pb_row _builder_version=\u00a0\u00bb4.27.4&Prime; _module_preset=\u00a0\u00bbdefault\u00a0\u00bb global_colors_info=\u00a0\u00bb{}\u00a0\u00bb][et_pb_column type=\u00a0\u00bb4_4&Prime; _builder_version=\u00a0\u00bb4.27.4&Prime; _module_preset=\u00a0\u00bbdefault\u00a0\u00bb global_colors_info=\u00a0\u00bb{}\u00a0\u00bb][et_pb_text module_class=\u00a0\u00bbliste-crochets-ligne\u00a0\u00bb _builder_version=\u00a0\u00bb4.27.4&Prime; _module_preset=\u00a0\u00bbdefault\u00a0\u00bb global_colors_info=\u00a0\u00bb{}\u00a0\u00bb]<\/p>\n<h2>Admissibilit\u00e9 pour devenir membre :<\/h2>\n<ul>\n<li>\n<h5>Partager et respecter la mission, les valeurs et les objectifs du CJE<\/h5>\n<\/li>\n<li>\n<h5>R\u00e9sider ou \u00eatre \u00e9tabli, selon le cas, sur le territoire de l\u2019organisme<\/h5>\n<\/li>\n<li>\n<h5>Compl\u00e9ter le formulaire de demande d\u2019adh\u00e9sion<\/h5>\n<\/li>\n<\/ul>\n<p>[\/et_pb_text][\/et_pb_column][\/et_pb_row][\/et_pb_section][et_pb_section fb_built=\u00a0\u00bb1&Prime; module_class=\u00a0\u00bbformulaire-devenir-membre\u00a0\u00bb _builder_version=\u00a0\u00bb4.27.4&Prime; _module_preset=\u00a0\u00bbdefault\u00a0\u00bb custom_padding=\u00a0\u00bb0px||||false|false\u00a0\u00bb global_colors_info=\u00a0\u00bb{}\u00a0\u00bb][et_pb_row _builder_version=\u00a0\u00bb4.27.4&Prime; _module_preset=\u00a0\u00bbdefault\u00a0\u00bb global_colors_info=\u00a0\u00bb{}\u00a0\u00bb][et_pb_column type=\u00a0\u00bb4_4&Prime; _builder_version=\u00a0\u00bb4.27.4&Prime; _module_preset=\u00a0\u00bbdefault\u00a0\u00bb global_colors_info=\u00a0\u00bb{}\u00a0\u00bb][et_pb_text _builder_version=\u00a0\u00bb4.27.4&Prime; _module_preset=\u00a0\u00bbdefault\u00a0\u00bb global_colors_info=\u00a0\u00bb{}\u00a0\u00bb]<\/p>\n<h6>Refus, suspension ou expulsion<\/h6>\n<p>Le conseil d\u2019administration peut refuser, suspendre ou expulser un membre qui ne respecte pas les valeurs de l\u2019organisme ou toutes autres situations jug\u00e9es inappropri\u00e9es. Ce dernier doit \u00eatre avis\u00e9 par \u00e9crit.<\/p>\n<p>[\/et_pb_text][\/et_pb_column][\/et_pb_row][et_pb_row _builder_version=\u00a0\u00bb4.27.4&Prime; _module_preset=\u00a0\u00bbdefault\u00a0\u00bb custom_padding=\u00a0\u00bb||0px||false|false\u00a0\u00bb global_colors_info=\u00a0\u00bb{}\u00a0\u00bb][et_pb_column type=\u00a0\u00bb4_4&Prime; _builder_version=\u00a0\u00bb4.27.4&Prime; _module_preset=\u00a0\u00bbdefault\u00a0\u00bb global_colors_info=\u00a0\u00bb{}\u00a0\u00bb][et_pb_text _builder_version=\u00a0\u00bb4.27.4&Prime; _module_preset=\u00a0\u00bbdefault\u00a0\u00bb global_colors_info=\u00a0\u00bb{}\u00a0\u00bb]<\/p>\n<h2>FORMULAIRE DE MEMBERSHIP<\/h2>\n<p>[\/et_pb_text][\/et_pb_column][\/et_pb_row][et_pb_row _builder_version=\u00a0\u00bb4.27.4&Prime; _module_preset=\u00a0\u00bbdefault\u00a0\u00bb background_color=\u00a0\u00bb#e9f7fb\u00a0\u00bb custom_padding=\u00a0\u00bb||||false|false\u00a0\u00bb border_radii=\u00a0\u00bbon|10px|10px|10px|10px\u00a0\u00bb global_colors_info=\u00a0\u00bb{}\u00a0\u00bb][et_pb_column type=\u00a0\u00bb4_4&Prime; _builder_version=\u00a0\u00bb4.27.4&Prime; _module_preset=\u00a0\u00bbdefault\u00a0\u00bb global_colors_info=\u00a0\u00bb{}\u00a0\u00bb][et_pb_code _builder_version=\u00a0\u00bb4.27.4&Prime; _module_preset=\u00a0\u00bbdefault\u00a0\u00bb custom_padding=\u00a0\u00bb|15px||15px|false|false\u00a0\u00bb global_colors_info=\u00a0\u00bb{}\u00a0\u00bb]\n<div class=\"wpcf7 no-js\" id=\"wpcf7-f57-o1\" lang=\"fr-FR\" dir=\"ltr\" data-wpcf7-id=\"57\">\n<div class=\"screen-reader-response\"><p role=\"status\" aria-live=\"polite\" aria-atomic=\"true\"><\/p> <ul><\/ul><\/div>\n<form action=\"\/fr\/wp-json\/wp\/v2\/pages\/30#wpcf7-f57-o1\" method=\"post\" class=\"wpcf7-form init\" aria-label=\"Formulaire de contact\" novalidate=\"novalidate\" data-status=\"init\">\n<fieldset class=\"hidden-fields-container\"><input type=\"hidden\" name=\"_wpcf7\" value=\"57\" \/><input type=\"hidden\" name=\"_wpcf7_version\" value=\"6.1.6\" \/><input type=\"hidden\" name=\"_wpcf7_locale\" value=\"fr_FR\" \/><input type=\"hidden\" name=\"_wpcf7_unit_tag\" value=\"wpcf7-f57-o1\" \/><input type=\"hidden\" name=\"_wpcf7_container_post\" value=\"0\" \/><input type=\"hidden\" name=\"_wpcf7_posted_data_hash\" value=\"\" \/><input type=\"hidden\" name=\"_wpcf7_recaptcha_response\" value=\"\" \/>\n<\/fieldset>\n<div class=\"input-50\">\n\t<p><span class=\"wpcf7-form-control-wrap\" data-name=\"prenom\"><input size=\"40\" maxlength=\"400\" class=\"wpcf7-form-control wpcf7-text wpcf7-validates-as-required\" aria-required=\"true\" aria-invalid=\"false\" placeholder=\"Pr\u00e9nom\" value=\"\" type=\"text\" name=\"prenom\" \/><\/span><br \/>\n<span class=\"wpcf7-form-control-wrap\" data-name=\"nom\"><input size=\"40\" maxlength=\"400\" class=\"wpcf7-form-control wpcf7-text wpcf7-validates-as-required\" aria-required=\"true\" aria-invalid=\"false\" placeholder=\"Nom\" value=\"\" type=\"text\" name=\"nom\" \/><\/span>\n\t<\/p>\n<\/div>\n<div class=\"input-50\">\n\t<p><span class=\"wpcf7-form-control-wrap\" data-name=\"tel\"><input size=\"40\" maxlength=\"400\" class=\"wpcf7-form-control wpcf7-tel wpcf7-validates-as-required wpcf7-text wpcf7-validates-as-tel\" aria-required=\"true\" aria-invalid=\"false\" placeholder=\"Num\u00e9ro de t\u00e9l\u00e9phone\" value=\"\" type=\"tel\" name=\"tel\" \/><\/span><br \/>\n<span class=\"wpcf7-form-control-wrap\" data-name=\"courriel\"><input size=\"40\" maxlength=\"400\" class=\"wpcf7-form-control wpcf7-email wpcf7-validates-as-required wpcf7-text wpcf7-validates-as-email\" aria-required=\"true\" aria-invalid=\"false\" placeholder=\"Adresse courriel\" value=\"\" type=\"email\" name=\"courriel\" \/><\/span>\n\t<\/p>\n<\/div>\n<div class=\"formulaire\">\n\t<p><span class=\"wpcf7-form-control-wrap\" data-name=\"adresse\"><input size=\"40\" maxlength=\"400\" class=\"wpcf7-form-control wpcf7-text\" aria-invalid=\"false\" placeholder=\"Adresse\" value=\"\" type=\"text\" name=\"adresse\" \/><\/span><br \/>\n<span class=\"wpcf7-form-control-wrap\" data-name=\"organisme\"><input size=\"40\" maxlength=\"400\" class=\"wpcf7-form-control wpcf7-text\" aria-invalid=\"false\" placeholder=\"Organisme\" value=\"\" type=\"text\" name=\"organisme\" \/><\/span><br \/>\n<span class=\"wpcf7-form-control-wrap dsm-contact-form-7-select\" data-name=\"age\"><select class=\"wpcf7-form-control wpcf7-select wpcf7-validates-as-required et_pb_contact_select input\" aria-required=\"true\" aria-invalid=\"false\" name=\"age\"><option value=\"Tranche d\u2019\u00e2ge\">Tranche d\u2019\u00e2ge<\/option><option value=\"15 \u00e0 17 ans\">15 \u00e0 17 ans<\/option><option value=\"18 \u00e0 35 ans\">18 \u00e0 35 ans<\/option><option value=\"36 ans et plus\">36 ans et plus<\/option><\/select><\/span>\n\t<\/p>\n<\/div>\n<h6>Cat\u00e9gories des membres\n<\/h6>\n<div class=\"radio\">\n\t<p><span class=\"wpcf7-form-control-wrap\" data-name=\"categorie\"><span class=\"wpcf7-form-control wpcf7-radio\"><span class=\"wpcf7-list-item first last\"><input type=\"radio\" name=\"categorie\" value=\"Membre utilisateur\" \/><span class=\"wpcf7-list-item-label\">Membre utilisateur<\/span><\/span><\/span><\/span>\n\t<\/p>\n\t<p>Toute personne \u00e2g\u00e9e de 15 ans et plus b\u00e9n\u00e9ficiant ou ayant b\u00e9n\u00e9fici\u00e9 d\u2019un service du Carrefour jeunesse emploi. Doit r\u00e9sider ou \u00eatre \u00e9tablie, selon le cas, sur le territoire de l\u2019organisme.\n\t<\/p>\n<\/div>\n<div class=\"radio\">\n\t<p><span class=\"wpcf7-form-control-wrap\" data-name=\"categorie\"><span class=\"wpcf7-form-control wpcf7-radio\"><span class=\"wpcf7-list-item first last\"><input type=\"radio\" name=\"categorie\" value=\"Membre du milieu\" \/><span class=\"wpcf7-list-item-label\">Membre du milieu<\/span><\/span><\/span><\/span>\n\t<\/p>\n\t<p>Toute personne \u00e2g\u00e9e de 18 ans et plus qui, \u00e0 titre personnel ou de repr\u00e9sentant d'une organisation sans but lucratif et est interpell\u00e9e par la mission, et par les objectifs poursuivis par le Carrefour jeunesse emploi, cette personne, ou l'organisation qu'elle repr\u00e9sente, doit r\u00e9sider ou \u00eatre \u00e9tablie, selon le cas, sur le territoire de l\u2019organisme.\n\t<\/p>\n<\/div>\n<div class=\"checkbox\">\n\t<p class=\"label\">Quelle est ou quelles sont vos motivations \u00e0 devenir membre de notre organisation :\n\t<\/p>\n\t<p><span class=\"wpcf7-form-control-wrap\" data-name=\"motivations\"><span class=\"wpcf7-form-control wpcf7-checkbox\"><span class=\"wpcf7-list-item first\"><input type=\"checkbox\" name=\"motivations[]\" value=\"Recevoir les avis de convocation aux assembl\u00e9es des membres, y assister et participer aux d\u00e9lib\u00e9rations\" \/><span class=\"wpcf7-list-item-label\">Recevoir les avis de convocation aux assembl\u00e9es des membres, y assister et participer aux d\u00e9lib\u00e9rations<\/span><\/span><span class=\"wpcf7-list-item\"><input type=\"checkbox\" name=\"motivations[]\" value=\"Voter aux assembl\u00e9es g\u00e9n\u00e9rales ou sp\u00e9ciales\" \/><span class=\"wpcf7-list-item-label\">Voter aux assembl\u00e9es g\u00e9n\u00e9rales ou sp\u00e9ciales<\/span><\/span><span class=\"wpcf7-list-item\"><input type=\"checkbox\" name=\"motivations[]\" value=\"Pouvoir soumettre sa candidature pour si\u00e9ger au sein du CA, s\u2019il y a lieu\" \/><span class=\"wpcf7-list-item-label\">Pouvoir soumettre sa candidature pour si\u00e9ger au sein du CA, s\u2019il y a lieu<\/span><\/span><span class=\"wpcf7-list-item\"><input type=\"checkbox\" name=\"motivations[]\" value=\"Participer ou assister \u00e0 des activit\u00e9s sp\u00e9ciales\" \/><span class=\"wpcf7-list-item-label\">Participer ou assister \u00e0 des activit\u00e9s sp\u00e9ciales<\/span><\/span><span class=\"wpcf7-list-item\"><input type=\"checkbox\" name=\"motivations[]\" value=\"M\u2019impliquer dans mon milieu\" \/><span class=\"wpcf7-list-item-label\">M\u2019impliquer dans mon milieu<\/span><\/span><span class=\"wpcf7-list-item last\"><input type=\"checkbox\" name=\"motivations[]\" value=\"Autre\" \/><span class=\"wpcf7-list-item-label\">Autre<\/span><\/span><\/span><\/span>\n\t<\/p>\n<\/div>\n<div class=\"checkbox\">\n\t<p><span class=\"wpcf7-form-control-wrap\" data-name=\"validite\"><span class=\"wpcf7-form-control wpcf7-radio\"><span class=\"wpcf7-list-item first last\"><input type=\"radio\" name=\"validite\" value=\"Je comprends que ce formulaire d\u2019adh\u00e9sion est valide pour trois (3) ans.\" \/><span class=\"wpcf7-list-item-label\">Je comprends que ce formulaire d\u2019adh\u00e9sion est valide pour trois (3) ans.<\/span><\/span><\/span><\/span><br \/>\n<span class=\"wpcf7-form-control-wrap\" data-name=\"valeurs\"><span class=\"wpcf7-form-control wpcf7-radio\"><span class=\"wpcf7-list-item first last\"><input type=\"radio\" name=\"valeurs\" value=\"Je confirme mon adh\u00e9sion \u00e0 la mission et aux valeurs du CJE\" \/><span class=\"wpcf7-list-item-label\">Je confirme mon adh\u00e9sion \u00e0 la mission et aux valeurs du CJE<\/span><\/span><\/span><\/span>\n\t<\/p>\n\t<h6>Protection des donn\u00e9es personnelles\n\t<\/h6>\n\t<p><span class=\"wpcf7-form-control-wrap\" data-name=\"donnes-personnelles\"><span class=\"wpcf7-form-control wpcf7-radio\"><span class=\"wpcf7-list-item first last\"><input type=\"radio\" name=\"donnes-personnelles\" value=\"J\u2019accepte de communiquer mes renseignements pour les fins de ce membership. J\u2019autorise le CJE des Bleuets \u00e0 communiquer avec moi par courriel pour me partager des informations concernant la vie d\u00e9mocratique de l\u2019organisation.\" \/><span class=\"wpcf7-list-item-label\">J\u2019accepte de communiquer mes renseignements pour les fins de ce membership. J\u2019autorise le CJE des Bleuets \u00e0 communiquer avec moi par courriel pour me partager des informations concernant la vie d\u00e9mocratique de l\u2019organisation.<\/span><\/span><\/span><\/span>\n\t<\/p>\n<\/div>\n<p class=\"formulaire\"><br \/>\nPr\u00e9voir un d\u00e9lai de dix (10) jours ouvrables pour traiter la demande.\n<\/p>\n<h6>Refus, suspension ou expulsion\n<\/h6>\n<p>Le conseil d\u2019administration peut refuser, suspendre ou expulser un membre qui ne respecte pas les valeurs de l\u2019organisme ou toutes autres situations jug\u00e9es inappropri\u00e9es. Ce dernier doit \u00eatre avis\u00e9 par \u00e9crit.\n<\/p>\n<p><button type=\"submit\" class=\"submit\">Envoyer<\/button>\n<\/p><div class=\"wpcf7-response-output\" aria-hidden=\"true\"><\/div>\n<\/form>\n<\/div>\n[\/et_pb_code][\/et_pb_column][\/et_pb_row][\/et_pb_section]<\/p>\n","protected":false},"excerpt":{"rendered":"<p>CJE des Bleuets Devenir membreTu souhaites promouvoir notre mission et nos activit\u00e9s? Tu es un fid\u00e8le collaborateur ou une personne qui nous suit d\u00e9j\u00e0?Avantages \u00e0 devenir membre : Recevoir les avis de convocation aux assembl\u00e9es des membres et y assister Voter aux assembl\u00e9es des membres Pouvoir soumettre sa candidature pour si\u00e9ger au sein du CA, [&hellip;]<\/p>\n","protected":false},"author":5,"featured_media":0,"parent":0,"menu_order":0,"comment_status":"closed","ping_status":"closed","template":"","meta":{"_et_pb_use_builder":"on","_et_pb_old_content":"<!-- wp:divi\/placeholder \/-->","_et_gb_content_width":"","footnotes":""},"class_list":["post-30","page","type-page","status-publish","hentry"],"yoast_head":"<!-- This site is optimized with the Yoast SEO plugin v27.6 - https:\/\/yoast.com\/product\/yoast-seo-wordpress\/ -->\n<title>Devenir membre | CJE des Bleuets<\/title>\n<meta name=\"robots\" content=\"index, follow, max-snippet:-1, max-image-preview:large, max-video-preview:-1\" \/>\n<link rel=\"canonical\" href=\"https:\/\/cjedesbleuets.ca\/fr\/devenir-membre\/\" \/>\n<meta property=\"og:locale\" content=\"fr_FR\" \/>\n<meta property=\"og:type\" content=\"article\" \/>\n<meta property=\"og:title\" content=\"Devenir membre | CJE des Bleuets\" \/>\n<meta property=\"og:description\" content=\"CJE des Bleuets Devenir membreTu souhaites promouvoir notre mission et nos activit\u00e9s? Tu es un fid\u00e8le collaborateur ou une personne qui nous suit d\u00e9j\u00e0?Avantages \u00e0 devenir membre : Recevoir les avis de convocation aux assembl\u00e9es des membres et y assister Voter aux assembl\u00e9es des membres Pouvoir soumettre sa candidature pour si\u00e9ger au sein du CA, [&hellip;]\" \/>\n<meta property=\"og:url\" content=\"https:\/\/cjedesbleuets.ca\/fr\/devenir-membre\/\" \/>\n<meta property=\"og:site_name\" content=\"CJE des Bleuets\" \/>\n<meta property=\"article:modified_time\" content=\"2025-04-02T17:20:10+00:00\" \/>\n<meta property=\"og:image\" content=\"https:\/\/cjedesbleuets.ca\/wp-content\/uploads\/2025\/04\/cje-des-bleuets-site-web.jpg\" \/>\n\t<meta property=\"og:image:width\" content=\"1200\" \/>\n\t<meta property=\"og:image:height\" content=\"675\" \/>\n\t<meta property=\"og:image:type\" content=\"image\/jpeg\" \/>\n<meta name=\"twitter:card\" content=\"summary_large_image\" \/>\n<script type=\"application\/ld+json\" class=\"yoast-schema-graph\">{\"@context\":\"https:\\\/\\\/schema.org\",\"@graph\":[{\"@type\":\"WebPage\",\"@id\":\"https:\\\/\\\/cjedesbleuets.ca\\\/fr\\\/devenir-membre\\\/\",\"url\":\"https:\\\/\\\/cjedesbleuets.ca\\\/fr\\\/devenir-membre\\\/\",\"name\":\"Devenir membre | CJE des Bleuets\",\"isPartOf\":{\"@id\":\"https:\\\/\\\/cjedesbleuets.ca\\\/fr\\\/#website\"},\"datePublished\":\"2025-02-04T16:44:54+00:00\",\"dateModified\":\"2025-04-02T17:20:10+00:00\",\"breadcrumb\":{\"@id\":\"https:\\\/\\\/cjedesbleuets.ca\\\/fr\\\/devenir-membre\\\/#breadcrumb\"},\"inLanguage\":\"fr-FR\",\"potentialAction\":[{\"@type\":\"ReadAction\",\"target\":[\"https:\\\/\\\/cjedesbleuets.ca\\\/fr\\\/devenir-membre\\\/\"]}]},{\"@type\":\"BreadcrumbList\",\"@id\":\"https:\\\/\\\/cjedesbleuets.ca\\\/fr\\\/devenir-membre\\\/#breadcrumb\",\"itemListElement\":[{\"@type\":\"ListItem\",\"position\":1,\"name\":\"Accueil\",\"item\":\"https:\\\/\\\/cjedesbleuets.ca\\\/fr\\\/\"},{\"@type\":\"ListItem\",\"position\":2,\"name\":\"Devenir membre\"}]},{\"@type\":\"WebSite\",\"@id\":\"https:\\\/\\\/cjedesbleuets.ca\\\/fr\\\/#website\",\"url\":\"https:\\\/\\\/cjedesbleuets.ca\\\/fr\\\/\",\"name\":\"CJE des Bleuets\",\"description\":\"\",\"potentialAction\":[{\"@type\":\"SearchAction\",\"target\":{\"@type\":\"EntryPoint\",\"urlTemplate\":\"https:\\\/\\\/cjedesbleuets.ca\\\/fr\\\/?s={search_term_string}\"},\"query-input\":{\"@type\":\"PropertyValueSpecification\",\"valueRequired\":true,\"valueName\":\"search_term_string\"}}],\"inLanguage\":\"fr-FR\"}]}<\/script>\n<!-- \/ Yoast SEO plugin. -->","yoast_head_json":{"title":"Devenir membre | CJE des Bleuets","robots":{"index":"index","follow":"follow","max-snippet":"max-snippet:-1","max-image-preview":"max-image-preview:large","max-video-preview":"max-video-preview:-1"},"canonical":"https:\/\/cjedesbleuets.ca\/fr\/devenir-membre\/","og_locale":"fr_FR","og_type":"article","og_title":"Devenir membre | CJE des Bleuets","og_description":"CJE des Bleuets Devenir membreTu souhaites promouvoir notre mission et nos activit\u00e9s? Tu es un fid\u00e8le collaborateur ou une personne qui nous suit d\u00e9j\u00e0?Avantages \u00e0 devenir membre : Recevoir les avis de convocation aux assembl\u00e9es des membres et y assister Voter aux assembl\u00e9es des membres Pouvoir soumettre sa candidature pour si\u00e9ger au sein du CA, [&hellip;]","og_url":"https:\/\/cjedesbleuets.ca\/fr\/devenir-membre\/","og_site_name":"CJE des Bleuets","article_modified_time":"2025-04-02T17:20:10+00:00","og_image":[{"width":1200,"height":675,"url":"https:\/\/cjedesbleuets.ca\/wp-content\/uploads\/2025\/04\/cje-des-bleuets-site-web.jpg","type":"image\/jpeg"}],"twitter_card":"summary_large_image","schema":{"@context":"https:\/\/schema.org","@graph":[{"@type":"WebPage","@id":"https:\/\/cjedesbleuets.ca\/fr\/devenir-membre\/","url":"https:\/\/cjedesbleuets.ca\/fr\/devenir-membre\/","name":"Devenir membre | CJE des Bleuets","isPartOf":{"@id":"https:\/\/cjedesbleuets.ca\/fr\/#website"},"datePublished":"2025-02-04T16:44:54+00:00","dateModified":"2025-04-02T17:20:10+00:00","breadcrumb":{"@id":"https:\/\/cjedesbleuets.ca\/fr\/devenir-membre\/#breadcrumb"},"inLanguage":"fr-FR","potentialAction":[{"@type":"ReadAction","target":["https:\/\/cjedesbleuets.ca\/fr\/devenir-membre\/"]}]},{"@type":"BreadcrumbList","@id":"https:\/\/cjedesbleuets.ca\/fr\/devenir-membre\/#breadcrumb","itemListElement":[{"@type":"ListItem","position":1,"name":"Accueil","item":"https:\/\/cjedesbleuets.ca\/fr\/"},{"@type":"ListItem","position":2,"name":"Devenir membre"}]},{"@type":"WebSite","@id":"https:\/\/cjedesbleuets.ca\/fr\/#website","url":"https:\/\/cjedesbleuets.ca\/fr\/","name":"CJE des Bleuets","description":"","potentialAction":[{"@type":"SearchAction","target":{"@type":"EntryPoint","urlTemplate":"https:\/\/cjedesbleuets.ca\/fr\/?s={search_term_string}"},"query-input":{"@type":"PropertyValueSpecification","valueRequired":true,"valueName":"search_term_string"}}],"inLanguage":"fr-FR"}]}},"_links":{"self":[{"href":"https:\/\/cjedesbleuets.ca\/fr\/wp-json\/wp\/v2\/pages\/30","targetHints":{"allow":["GET"]}}],"collection":[{"href":"https:\/\/cjedesbleuets.ca\/fr\/wp-json\/wp\/v2\/pages"}],"about":[{"href":"https:\/\/cjedesbleuets.ca\/fr\/wp-json\/wp\/v2\/types\/page"}],"author":[{"embeddable":true,"href":"https:\/\/cjedesbleuets.ca\/fr\/wp-json\/wp\/v2\/users\/5"}],"replies":[{"embeddable":true,"href":"https:\/\/cjedesbleuets.ca\/fr\/wp-json\/wp\/v2\/comments?post=30"}],"version-history":[{"count":18,"href":"https:\/\/cjedesbleuets.ca\/fr\/wp-json\/wp\/v2\/pages\/30\/revisions"}],"predecessor-version":[{"id":423,"href":"https:\/\/cjedesbleuets.ca\/fr\/wp-json\/wp\/v2\/pages\/30\/revisions\/423"}],"wp:attachment":[{"href":"https:\/\/cjedesbleuets.ca\/fr\/wp-json\/wp\/v2\/media?parent=30"}],"curies":[{"name":"wp","href":"https:\/\/api.w.org\/{rel}","templated":true}]}}