{"id":28,"date":"2025-02-04T17:44:43","date_gmt":"2025-02-04T16:44:43","guid":{"rendered":"https:\/\/cjedesbleuets.ca\/?page_id=28"},"modified":"2025-02-12T14:50:42","modified_gmt":"2025-02-12T13:50:42","slug":"documents","status":"publish","type":"page","link":"https:\/\/cjedesbleuets.ca\/fr\/documents\/","title":{"rendered":"Documents"},"content":{"rendered":"<p>[et_pb_section fb_built=\u00a0\u00bb1&Prime; _builder_version=\u00a0\u00bb4.27.4&Prime; _module_preset=\u00a0\u00bbdefault\u00a0\u00bb background_image=\u00a0\u00bbhttps:\/\/cjedesbleuets.ca\/wp-content\/uploads\/2025\/02\/bandau-cje-des-bleuets.svg\u00a0\u00bb background_position=\u00a0\u00bbbottom_center\u00a0\u00bb width=\u00a0\u00bb100%\u00a0\u00bb max_width=\u00a0\u00bb100%\u00a0\u00bb custom_margin=\u00a0\u00bb||||false|false\u00a0\u00bb custom_padding=\u00a0\u00bb||0px||false|false\u00a0\u00bb global_colors_info=\u00a0\u00bb{}\u00a0\u00bb][et_pb_row _builder_version=\u00a0\u00bb4.27.4&Prime; _module_preset=\u00a0\u00bbdefault\u00a0\u00bb custom_padding=\u00a0\u00bb||0px||false|false\u00a0\u00bb global_colors_info=\u00a0\u00bb{}\u00a0\u00bb][et_pb_column type=\u00a0\u00bb4_4&Prime; _builder_version=\u00a0\u00bb4.27.4&Prime; _module_preset=\u00a0\u00bbdefault\u00a0\u00bb global_colors_info=\u00a0\u00bb{}\u00a0\u00bb][et_pb_text module_class=\u00a0\u00bbh4-texte-bleu h1-fond-bleu\u00a0\u00bb _builder_version=\u00a0\u00bb4.27.4&Prime; _module_preset=\u00a0\u00bbdefault\u00a0\u00bb global_colors_info=\u00a0\u00bb{}\u00a0\u00bb]<\/p>\n<h4>CJE des Bleuets<\/h4>\n<h1>Documents<\/h1>\n<p>[\/et_pb_text][\/et_pb_column][\/et_pb_row][\/et_pb_section][et_pb_section fb_built=\u00a0\u00bb1&Prime; _builder_version=\u00a0\u00bb4.27.4&Prime; _module_preset=\u00a0\u00bbdefault\u00a0\u00bb global_colors_info=\u00a0\u00bb{}\u00a0\u00bb][et_pb_row _builder_version=\u00a0\u00bb4.27.4&Prime; _module_preset=\u00a0\u00bbdefault\u00a0\u00bb global_colors_info=\u00a0\u00bb{}\u00a0\u00bb][et_pb_column type=\u00a0\u00bb4_4&Prime; _builder_version=\u00a0\u00bb4.27.4&Prime; _module_preset=\u00a0\u00bbdefault\u00a0\u00bb global_colors_info=\u00a0\u00bb{}\u00a0\u00bb][et_pb_text module_class=\u00a0\u00bbh5-texte-bleu\u00a0\u00bb _builder_version=\u00a0\u00bb4.27.4&Prime; _module_preset=\u00a0\u00bbdefault\u00a0\u00bb global_colors_info=\u00a0\u00bb{}\u00a0\u00bb]<\/p>\n<h2>Des outils adapt\u00e9s sur mesure<\/h2>\n<p>Parce que chaque parcours est unique, le CJE des Bleuets t\u2019offre des ressources adapt\u00e9es \u00e0 tes besoins et \u00e0 ton rythme, peu importe ta situation. Nous croyons en ton potentiel et nous sommes l\u00e0 pour t\u2019accompagner \u00e0 chaque \u00e9tape, en garantissant une confidentialit\u00e9 dans toutes nos d\u00e9marches.<\/p>\n<h5>Pour obtenir des documents, des conseils ou des outils sur mesure, contacte-nous!<\/h5>\n<p>[\/et_pb_text][\/et_pb_column][\/et_pb_row][\/et_pb_section][et_pb_section fb_built=\u00a0\u00bb1&Prime; _builder_version=\u00a0\u00bb4.27.4&Prime; _module_preset=\u00a0\u00bbdefault\u00a0\u00bb background_image=\u00a0\u00bbhttps:\/\/cjedesbleuets.ca\/wp-content\/uploads\/2025\/02\/bandeau-gris.svg\u00a0\u00bb background_size=\u00a0\u00bbcontain\u00a0\u00bb background_position=\u00a0\u00bbtop_center\u00a0\u00bb locked=\u00a0\u00bboff\u00a0\u00bb global_colors_info=\u00a0\u00bb{}\u00a0\u00bb][et_pb_row _builder_version=\u00a0\u00bb4.27.4&Prime; _module_preset=\u00a0\u00bbdefault\u00a0\u00bb global_colors_info=\u00a0\u00bb{}\u00a0\u00bb][et_pb_column type=\u00a0\u00bb4_4&Prime; _builder_version=\u00a0\u00bb4.27.4&Prime; _module_preset=\u00a0\u00bbdefault\u00a0\u00bb global_colors_info=\u00a0\u00bb{}\u00a0\u00bb][et_pb_button button_url=\u00a0\u00bb@ET-DC@eyJkeW5hbWljIjp0cnVlLCJjb250ZW50IjoicG9zdF9saW5rX3VybF9wYWdlIiwic2V0dGluZ3MiOnsicG9zdF9pZCI6IjE2In19@\u00a0\u00bb button_text=\u00a0\u00bbcommunique avec nous\u00a0\u00bb button_alignment=\u00a0\u00bbcenter\u00a0\u00bb _builder_version=\u00a0\u00bb4.27.4&Prime; _dynamic_attributes=\u00a0\u00bbbutton_url\u00a0\u00bb _module_preset=\u00a0\u00bbdefault\u00a0\u00bb custom_margin=\u00a0\u00bb||50px||false|false\u00a0\u00bb global_colors_info=\u00a0\u00bb{}\u00a0\u00bb][\/et_pb_button][\/et_pb_column][\/et_pb_row][et_pb_row module_class=\u00a0\u00bbbloc-citation-pointille-reverse\u00a0\u00bb _builder_version=\u00a0\u00bb4.27.4&Prime; _module_preset=\u00a0\u00bbdefault\u00a0\u00bb background_color=\u00a0\u00bb#FFFFFF\u00a0\u00bb global_colors_info=\u00a0\u00bb{}\u00a0\u00bb][et_pb_column type=\u00a0\u00bb4_4&Prime; _builder_version=\u00a0\u00bb4.27.4&Prime; _module_preset=\u00a0\u00bbdefault\u00a0\u00bb global_colors_info=\u00a0\u00bb{}\u00a0\u00bb][et_pb_blurb image=\u00a0\u00bbhttps:\/\/cjedesbleuets.ca\/wp-content\/uploads\/2025\/02\/odette-mercier-photo-rond-cje.jpg\u00a0\u00bb alt=\u00a0\u00bbodette-mercier-photo-rond-cje\u00a0\u00bb icon_placement=\u00a0\u00bbleft\u00a0\u00bb _builder_version=\u00a0\u00bb4.27.4&Prime; _module_preset=\u00a0\u00bbdefault\u00a0\u00bb global_colors_info=\u00a0\u00bb{}\u00a0\u00bb]<\/p>\n<h4>\u00abLa confidentialit\u00e9 est importante et tr\u00e8s respect\u00e9e ici. Ce que la personne vit, \u00e7a ne regarde qu\u2019elle.\u00bb\u00a0<\/h4>\n<h5>Odette Mercier<\/h5>\n<h6>Intervenante en employabilit\u00e9<\/h6>\n<p>[\/et_pb_blurb][\/et_pb_column][\/et_pb_row][et_pb_row _builder_version=\u00a0\u00bb4.27.4&Prime; _module_preset=\u00a0\u00bbdefault\u00a0\u00bb global_colors_info=\u00a0\u00bb{}\u00a0\u00bb][et_pb_column type=\u00a0\u00bb4_4&Prime; _builder_version=\u00a0\u00bb4.27.4&Prime; _module_preset=\u00a0\u00bbdefault\u00a0\u00bb global_colors_info=\u00a0\u00bb{}\u00a0\u00bb][et_pb_text _builder_version=\u00a0\u00bb4.27.4&Prime; _module_preset=\u00a0\u00bbdefault\u00a0\u00bb global_colors_info=\u00a0\u00bb{}\u00a0\u00bb]<\/p>\n<h2>Consulte nos rapports annuels<\/h2>\n<p>[\/et_pb_text][\/et_pb_column][\/et_pb_row][et_pb_row column_structure=\u00a0\u00bb1_3,1_3,1_3&Prime; _builder_version=\u00a0\u00bb4.27.4&Prime; _module_preset=\u00a0\u00bbdefault\u00a0\u00bb global_colors_info=\u00a0\u00bb{}\u00a0\u00bb][et_pb_column type=\u00a0\u00bb1_3&Prime; _builder_version=\u00a0\u00bb4.27.4&Prime; _module_preset=\u00a0\u00bbdefault\u00a0\u00bb global_colors_info=\u00a0\u00bb{}\u00a0\u00bb][et_pb_image src=\u00a0\u00bbhttps:\/\/cjedesbleuets.ca\/wp-content\/uploads\/2025\/02\/rapport-annuel-2023-2024-cje-des-bleuets.jpg\u00a0\u00bb alt=\u00a0\u00bbrapport-annuel-2023-2024-cje-des-bleuets\u00a0\u00bb title_text=\u00a0\u00bbrapport-annuel-2023-2024-cje-des-bleuets\u00a0\u00bb url=\u00a0\u00bbhttps:\/\/cjedesbleuets.ca\/wp-content\/uploads\/2025\/02\/CJE_Rapport-annuel-2023-2024.pdf\u00a0\u00bb url_new_window=\u00a0\u00bbon\u00a0\u00bb _builder_version=\u00a0\u00bb4.27.4&Prime; _module_preset=\u00a0\u00bbdefault\u00a0\u00bb global_colors_info=\u00a0\u00bb{}\u00a0\u00bb][\/et_pb_image][et_pb_text _builder_version=\u00a0\u00bb4.27.4&Prime; _module_preset=\u00a0\u00bbdefault\u00a0\u00bb link_option_url=\u00a0\u00bbhttps:\/\/cjedesbleuets.ca\/wp-content\/uploads\/2025\/02\/CJE_Rapport-annuel-2023-2024.pdf\u00a0\u00bb global_colors_info=\u00a0\u00bb{}\u00a0\u00bb]<\/p>\n<h4><a href=\"https:\/\/cjedesbleuets.ca\/wp-content\/uploads\/2025\/02\/CJE_Rapport-annuel-2023-2024.pdf\" target=\"_blank\" rel=\"noopener\">2023-2024<\/a><\/h4>\n<p>[\/et_pb_text][\/et_pb_column][et_pb_column type=\u00a0\u00bb1_3&Prime; _builder_version=\u00a0\u00bb4.27.4&Prime; _module_preset=\u00a0\u00bbdefault\u00a0\u00bb global_colors_info=\u00a0\u00bb{}\u00a0\u00bb][et_pb_image src=\u00a0\u00bbhttps:\/\/cjedesbleuets.ca\/wp-content\/uploads\/2025\/02\/rapport-annuel-2022-2023-cje-des-bleuets.jpg\u00a0\u00bb alt=\u00a0\u00bbrapport-annuel-2022-2023-cje-des-bleuets\u00a0\u00bb title_text=\u00a0\u00bbrapport-annuel-2022-2023-cje-des-bleuets\u00a0\u00bb url=\u00a0\u00bbhttps:\/\/cjedesbleuets.ca\/wp-content\/uploads\/2025\/02\/Rapport_annuel_2022-2023.pdf\u00a0\u00bb url_new_window=\u00a0\u00bbon\u00a0\u00bb _builder_version=\u00a0\u00bb4.27.4&Prime; _module_preset=\u00a0\u00bbdefault\u00a0\u00bb global_colors_info=\u00a0\u00bb{}\u00a0\u00bb][\/et_pb_image][et_pb_text _builder_version=\u00a0\u00bb4.27.4&Prime; _module_preset=\u00a0\u00bbdefault\u00a0\u00bb global_colors_info=\u00a0\u00bb{}\u00a0\u00bb]<\/p>\n<h4><a href=\"https:\/\/cjedesbleuets.ca\/wp-content\/uploads\/2025\/02\/Rapport_annuel_2022-2023.pdf\" target=\"_blank\" rel=\"noopener\">2022-2023<\/a><\/h4>\n<p>[\/et_pb_text][\/et_pb_column][et_pb_column type=\u00a0\u00bb1_3&Prime; _builder_version=\u00a0\u00bb4.27.4&Prime; _module_preset=\u00a0\u00bbdefault\u00a0\u00bb global_colors_info=\u00a0\u00bb{}\u00a0\u00bb][\/et_pb_column][\/et_pb_row][\/et_pb_section][et_pb_section fb_built=\u00a0\u00bb1&Prime; _builder_version=\u00a0\u00bb4.27.4&Prime; _module_preset=\u00a0\u00bbdefault\u00a0\u00bb background_image=\u00a0\u00bbhttps:\/\/cjedesbleuets.ca\/wp-content\/uploads\/2025\/02\/bandau-jaune-emploi.svg\u00a0\u00bb width=\u00a0\u00bb100%\u00a0\u00bb max_width=\u00a0\u00bb100%\u00a0\u00bb global_colors_info=\u00a0\u00bb{}\u00a0\u00bb global_module=\u00a0\u00bb308&Prime; theme_builder_area=\u00a0\u00bbpost_content\u00a0\u00bb][et_pb_row _builder_version=\u00a0\u00bb4.27.4&Prime; _module_preset=\u00a0\u00bbdefault\u00a0\u00bb global_colors_info=\u00a0\u00bb{}\u00a0\u00bb theme_builder_area=\u00a0\u00bbpost_content\u00a0\u00bb][et_pb_column type=\u00a0\u00bb4_4&Prime; _builder_version=\u00a0\u00bb4.27.4&Prime; _module_preset=\u00a0\u00bbdefault\u00a0\u00bb global_colors_info=\u00a0\u00bb{}\u00a0\u00bb theme_builder_area=\u00a0\u00bbpost_content\u00a0\u00bb][et_pb_text _builder_version=\u00a0\u00bb4.27.4&Prime; _module_preset=\u00a0\u00bbdefault\u00a0\u00bb global_colors_info=\u00a0\u00bb{}\u00a0\u00bb theme_builder_area=\u00a0\u00bbpost_content\u00a0\u00bb]<\/p>\n<h2 style=\"text-align: center;\">Viens voir nos offres d\u2019emploi<\/h2>\n<h5 style=\"text-align: center;\">Inscris-toi pour postuler et recevoir les nouvelles offres.<\/h5>\n<p>[\/et_pb_text][et_pb_button button_url=\u00a0\u00bbhttps:\/\/cjebleuets.jobstat.ca\/fr\u00a0\u00bb url_new_window=\u00a0\u00bbon\u00a0\u00bb button_text=\u00a0\u00bbParcourir les emplois au Lac-St-Jean\u00a0\u00bb button_alignment=\u00a0\u00bbcenter\u00a0\u00bb _builder_version=\u00a0\u00bb4.27.4&Prime; _module_preset=\u00a0\u00bbdefault\u00a0\u00bb global_colors_info=\u00a0\u00bb{}\u00a0\u00bb theme_builder_area=\u00a0\u00bbpost_content\u00a0\u00bb][\/et_pb_button][\/et_pb_column][\/et_pb_row][\/et_pb_section]<\/p>\n","protected":false},"excerpt":{"rendered":"<p>CJE des Bleuets DocumentsDes outils adapt\u00e9s sur mesure Parce que chaque parcours est unique, le CJE des Bleuets t\u2019offre des ressources adapt\u00e9es \u00e0 tes besoins et \u00e0 ton rythme, peu importe ta situation. Nous croyons en ton potentiel et nous sommes l\u00e0 pour t\u2019accompagner \u00e0 chaque \u00e9tape, en garantissant une confidentialit\u00e9 dans toutes nos d\u00e9marches. [&hellip;]<\/p>\n","protected":false},"author":5,"featured_media":0,"parent":0,"menu_order":0,"comment_status":"closed","ping_status":"closed","template":"","meta":{"_et_pb_use_builder":"on","_et_pb_old_content":"<!-- wp:divi\/placeholder \/-->","_et_gb_content_width":"","footnotes":""},"class_list":["post-28","page","type-page","status-publish","hentry"],"yoast_head":"<!-- This site is optimized with the Yoast SEO plugin v27.5 - https:\/\/yoast.com\/product\/yoast-seo-wordpress\/ -->\n<title>Documents | CJE des Bleuets<\/title>\n<meta name=\"robots\" content=\"index, follow, max-snippet:-1, max-image-preview:large, max-video-preview:-1\" \/>\n<link rel=\"canonical\" href=\"https:\/\/cjedesbleuets.ca\/fr\/documents\/\" \/>\n<meta property=\"og:locale\" content=\"fr_FR\" \/>\n<meta property=\"og:type\" content=\"article\" \/>\n<meta property=\"og:title\" content=\"Documents | CJE des Bleuets\" \/>\n<meta property=\"og:description\" content=\"CJE des Bleuets DocumentsDes outils adapt\u00e9s sur mesure Parce que chaque parcours est unique, le CJE des Bleuets t\u2019offre des ressources adapt\u00e9es \u00e0 tes besoins et \u00e0 ton rythme, peu importe ta situation. Nous croyons en ton potentiel et nous sommes l\u00e0 pour t\u2019accompagner \u00e0 chaque \u00e9tape, en garantissant une confidentialit\u00e9 dans toutes nos d\u00e9marches. [&hellip;]\" \/>\n<meta property=\"og:url\" content=\"https:\/\/cjedesbleuets.ca\/fr\/documents\/\" \/>\n<meta property=\"og:site_name\" content=\"CJE des Bleuets\" \/>\n<meta property=\"article:modified_time\" content=\"2025-02-12T13:50:42+00:00\" \/>\n<meta property=\"og:image\" content=\"https:\/\/cjedesbleuets.ca\/wp-content\/uploads\/2025\/04\/cje-des-bleuets-site-web.jpg\" \/>\n\t<meta property=\"og:image:width\" content=\"1200\" \/>\n\t<meta property=\"og:image:height\" content=\"675\" \/>\n\t<meta property=\"og:image:type\" content=\"image\/jpeg\" \/>\n<meta name=\"twitter:card\" content=\"summary_large_image\" \/>\n<script type=\"application\/ld+json\" class=\"yoast-schema-graph\">{\"@context\":\"https:\\\/\\\/schema.org\",\"@graph\":[{\"@type\":\"WebPage\",\"@id\":\"https:\\\/\\\/cjedesbleuets.ca\\\/fr\\\/documents\\\/\",\"url\":\"https:\\\/\\\/cjedesbleuets.ca\\\/fr\\\/documents\\\/\",\"name\":\"Documents | CJE des Bleuets\",\"isPartOf\":{\"@id\":\"https:\\\/\\\/cjedesbleuets.ca\\\/fr\\\/#website\"},\"datePublished\":\"2025-02-04T16:44:43+00:00\",\"dateModified\":\"2025-02-12T13:50:42+00:00\",\"breadcrumb\":{\"@id\":\"https:\\\/\\\/cjedesbleuets.ca\\\/fr\\\/documents\\\/#breadcrumb\"},\"inLanguage\":\"fr-FR\",\"potentialAction\":[{\"@type\":\"ReadAction\",\"target\":[\"https:\\\/\\\/cjedesbleuets.ca\\\/fr\\\/documents\\\/\"]}]},{\"@type\":\"BreadcrumbList\",\"@id\":\"https:\\\/\\\/cjedesbleuets.ca\\\/fr\\\/documents\\\/#breadcrumb\",\"itemListElement\":[{\"@type\":\"ListItem\",\"position\":1,\"name\":\"Accueil\",\"item\":\"https:\\\/\\\/cjedesbleuets.ca\\\/fr\\\/\"},{\"@type\":\"ListItem\",\"position\":2,\"name\":\"Documents\"}]},{\"@type\":\"WebSite\",\"@id\":\"https:\\\/\\\/cjedesbleuets.ca\\\/fr\\\/#website\",\"url\":\"https:\\\/\\\/cjedesbleuets.ca\\\/fr\\\/\",\"name\":\"CJE des Bleuets\",\"description\":\"\",\"potentialAction\":[{\"@type\":\"SearchAction\",\"target\":{\"@type\":\"EntryPoint\",\"urlTemplate\":\"https:\\\/\\\/cjedesbleuets.ca\\\/fr\\\/?s={search_term_string}\"},\"query-input\":{\"@type\":\"PropertyValueSpecification\",\"valueRequired\":true,\"valueName\":\"search_term_string\"}}],\"inLanguage\":\"fr-FR\"}]}<\/script>\n<!-- \/ Yoast SEO plugin. -->","yoast_head_json":{"title":"Documents | CJE des Bleuets","robots":{"index":"index","follow":"follow","max-snippet":"max-snippet:-1","max-image-preview":"max-image-preview:large","max-video-preview":"max-video-preview:-1"},"canonical":"https:\/\/cjedesbleuets.ca\/fr\/documents\/","og_locale":"fr_FR","og_type":"article","og_title":"Documents | CJE des Bleuets","og_description":"CJE des Bleuets DocumentsDes outils adapt\u00e9s sur mesure Parce que chaque parcours est unique, le CJE des Bleuets t\u2019offre des ressources adapt\u00e9es \u00e0 tes besoins et \u00e0 ton rythme, peu importe ta situation. Nous croyons en ton potentiel et nous sommes l\u00e0 pour t\u2019accompagner \u00e0 chaque \u00e9tape, en garantissant une confidentialit\u00e9 dans toutes nos d\u00e9marches. [&hellip;]","og_url":"https:\/\/cjedesbleuets.ca\/fr\/documents\/","og_site_name":"CJE des Bleuets","article_modified_time":"2025-02-12T13:50:42+00:00","og_image":[{"width":1200,"height":675,"url":"https:\/\/cjedesbleuets.ca\/wp-content\/uploads\/2025\/04\/cje-des-bleuets-site-web.jpg","type":"image\/jpeg"}],"twitter_card":"summary_large_image","schema":{"@context":"https:\/\/schema.org","@graph":[{"@type":"WebPage","@id":"https:\/\/cjedesbleuets.ca\/fr\/documents\/","url":"https:\/\/cjedesbleuets.ca\/fr\/documents\/","name":"Documents | CJE des Bleuets","isPartOf":{"@id":"https:\/\/cjedesbleuets.ca\/fr\/#website"},"datePublished":"2025-02-04T16:44:43+00:00","dateModified":"2025-02-12T13:50:42+00:00","breadcrumb":{"@id":"https:\/\/cjedesbleuets.ca\/fr\/documents\/#breadcrumb"},"inLanguage":"fr-FR","potentialAction":[{"@type":"ReadAction","target":["https:\/\/cjedesbleuets.ca\/fr\/documents\/"]}]},{"@type":"BreadcrumbList","@id":"https:\/\/cjedesbleuets.ca\/fr\/documents\/#breadcrumb","itemListElement":[{"@type":"ListItem","position":1,"name":"Accueil","item":"https:\/\/cjedesbleuets.ca\/fr\/"},{"@type":"ListItem","position":2,"name":"Documents"}]},{"@type":"WebSite","@id":"https:\/\/cjedesbleuets.ca\/fr\/#website","url":"https:\/\/cjedesbleuets.ca\/fr\/","name":"CJE des Bleuets","description":"","potentialAction":[{"@type":"SearchAction","target":{"@type":"EntryPoint","urlTemplate":"https:\/\/cjedesbleuets.ca\/fr\/?s={search_term_string}"},"query-input":{"@type":"PropertyValueSpecification","valueRequired":true,"valueName":"search_term_string"}}],"inLanguage":"fr-FR"}]}},"_links":{"self":[{"href":"https:\/\/cjedesbleuets.ca\/fr\/wp-json\/wp\/v2\/pages\/28","targetHints":{"allow":["GET"]}}],"collection":[{"href":"https:\/\/cjedesbleuets.ca\/fr\/wp-json\/wp\/v2\/pages"}],"about":[{"href":"https:\/\/cjedesbleuets.ca\/fr\/wp-json\/wp\/v2\/types\/page"}],"author":[{"embeddable":true,"href":"https:\/\/cjedesbleuets.ca\/fr\/wp-json\/wp\/v2\/users\/5"}],"replies":[{"embeddable":true,"href":"https:\/\/cjedesbleuets.ca\/fr\/wp-json\/wp\/v2\/comments?post=28"}],"version-history":[{"count":9,"href":"https:\/\/cjedesbleuets.ca\/fr\/wp-json\/wp\/v2\/pages\/28\/revisions"}],"predecessor-version":[{"id":310,"href":"https:\/\/cjedesbleuets.ca\/fr\/wp-json\/wp\/v2\/pages\/28\/revisions\/310"}],"wp:attachment":[{"href":"https:\/\/cjedesbleuets.ca\/fr\/wp-json\/wp\/v2\/media?parent=28"}],"curies":[{"name":"wp","href":"https:\/\/api.w.org\/{rel}","templated":true}]}}