{"id":18,"date":"2025-02-04T17:43:23","date_gmt":"2025-02-04T16:43:23","guid":{"rendered":"https:\/\/cjedesbleuets.ca\/?page_id=18"},"modified":"2026-03-04T16:09:25","modified_gmt":"2026-03-04T15:09:25","slug":"faq","status":"publish","type":"page","link":"https:\/\/cjedesbleuets.ca\/fr\/faq\/","title":{"rendered":"FAQ"},"content":{"rendered":"<p>[et_pb_section fb_built=\u00a0\u00bb1&Prime; _builder_version=\u00a0\u00bb4.27.4&Prime; _module_preset=\u00a0\u00bbdefault\u00a0\u00bb background_image=\u00a0\u00bbhttps:\/\/cjedesbleuets.ca\/wp-content\/uploads\/2025\/02\/bandau-cje-des-bleuets.svg\u00a0\u00bb background_position=\u00a0\u00bbbottom_center\u00a0\u00bb width=\u00a0\u00bb100%\u00a0\u00bb max_width=\u00a0\u00bb100%\u00a0\u00bb custom_margin=\u00a0\u00bb||||false|false\u00a0\u00bb custom_padding=\u00a0\u00bb||0px||false|false\u00a0\u00bb global_colors_info=\u00a0\u00bb{}\u00a0\u00bb][et_pb_row _builder_version=\u00a0\u00bb4.27.4&Prime; _module_preset=\u00a0\u00bbdefault\u00a0\u00bb custom_padding=\u00a0\u00bb||0px||false|false\u00a0\u00bb global_colors_info=\u00a0\u00bb{}\u00a0\u00bb][et_pb_column type=\u00a0\u00bb4_4&Prime; _builder_version=\u00a0\u00bb4.27.4&Prime; _module_preset=\u00a0\u00bbdefault\u00a0\u00bb global_colors_info=\u00a0\u00bb{}\u00a0\u00bb][et_pb_text module_class=\u00a0\u00bbh4-texte-bleu h1-fond-bleu\u00a0\u00bb _builder_version=\u00a0\u00bb4.27.4&Prime; _module_preset=\u00a0\u00bbdefault\u00a0\u00bb global_colors_info=\u00a0\u00bb{}\u00a0\u00bb]<\/p>\n<h4>CJE des Bleuets<\/h4>\n<h1>Foire aux questions<\/h1>\n<p>[\/et_pb_text][\/et_pb_column][\/et_pb_row][\/et_pb_section][et_pb_section fb_built=\u00a0\u00bb1&Prime; _builder_version=\u00a0\u00bb4.27.4&Prime; _module_preset=\u00a0\u00bbdefault\u00a0\u00bb global_colors_info=\u00a0\u00bb{}\u00a0\u00bb][et_pb_row _builder_version=\u00a0\u00bb4.27.4&Prime; _module_preset=\u00a0\u00bbdefault\u00a0\u00bb global_colors_info=\u00a0\u00bb{}\u00a0\u00bb][et_pb_column type=\u00a0\u00bb4_4&Prime; _builder_version=\u00a0\u00bb4.27.4&Prime; _module_preset=\u00a0\u00bbdefault\u00a0\u00bb global_colors_info=\u00a0\u00bb{}\u00a0\u00bb][et_pb_text module_class=\u00a0\u00bbh5-texte-bleu\u00a0\u00bb _builder_version=\u00a0\u00bb4.27.4&Prime; _module_preset=\u00a0\u00bbdefault\u00a0\u00bb global_colors_info=\u00a0\u00bb{}\u00a0\u00bb]<\/p>\n<h2>Des r\u00e9ponses \u00e0 tes questions!<\/h2>\n<h3>Toutes les <strong>questions fr\u00e9quentes<\/strong> sur les services et l&rsquo;accompagnement du <strong>CJE des Bleuets<\/strong><\/h3>\n<p>Tu as des questions? On a les r\u00e9ponses! Si tu ne trouves pas les r\u00e9ponses que tu as besoin, contacte-nous!<\/p>\n<p>[\/et_pb_text][\/et_pb_column][\/et_pb_row][et_pb_row _builder_version=\u00a0\u00bb4.27.4&Prime; _module_preset=\u00a0\u00bbdefault\u00a0\u00bb global_colors_info=\u00a0\u00bb{}\u00a0\u00bb][et_pb_column type=\u00a0\u00bb4_4&Prime; admin_label=\u00a0\u00bbColonne\u00a0\u00bb _builder_version=\u00a0\u00bb4.27.4&Prime; _module_preset=\u00a0\u00bbdefault\u00a0\u00bb global_colors_info=\u00a0\u00bb{}\u00a0\u00bb][et_pb_accordion open_toggle_text_color=\u00a0\u00bb#000000&Prime; open_toggle_background_color=\u00a0\u00bb#FFFFFF\u00a0\u00bb closed_toggle_background_color=\u00a0\u00bb#e9f7fb\u00a0\u00bb icon_color=\u00a0\u00bb#0085af\u00a0\u00bb _builder_version=\u00a0\u00bb4.27.4&Prime; _module_preset=\u00a0\u00bbdefault\u00a0\u00bb toggle_text_color=\u00a0\u00bb#000000&Prime; global_colors_info=\u00a0\u00bb{}\u00a0\u00bb][et_pb_accordion_item title=\u00a0\u00bbComment faire pour recevoir un accompagnement \u00e0 l&#8217;emploi?\u00a0\u00bb _builder_version=\u00a0\u00bb4.27.4&Prime; _module_preset=\u00a0\u00bbdefault\u00a0\u00bb global_colors_info=\u00a0\u00bb{}\u00a0\u00bb open=\u00a0\u00bbon\u00a0\u00bb]<\/p>\n<p>Il te suffit de nous contacter pour prendre rendez-vous avec l&rsquo;un de nos intervenants dans le point de service le plus proche de chez toi. On s&rsquo;adaptera \u00e0 tes besoins et on t\u2019accompagnera tout au long de ta recherche d&#8217;emploi.<\/p>\n<p>[\/et_pb_accordion_item][et_pb_accordion_item title=\u00a0\u00bbOffrez-vous d&rsquo;autres services que la r\u00e9daction de CV?\u00a0\u00bb _builder_version=\u00a0\u00bb4.27.4&Prime; _module_preset=\u00a0\u00bbdefault\u00a0\u00bb global_colors_info=\u00a0\u00bb{}\u00a0\u00bb open=\u00a0\u00bboff\u00a0\u00bb]<\/p>\n<p>Bien s\u00fbr! En plus de t&rsquo;aider \u00e0 r\u00e9diger ton CV et ta lettre de pr\u00e9sentation, nous offrons aussi des services tels que la pr\u00e9paration et la simulation aux entrevues d&#8217;embauche, ainsi que bien d\u2019autres formes de soutien pour t\u2019accompagner dans ta recherche d\u2019emploi.<\/p>\n<p>[\/et_pb_accordion_item][et_pb_accordion_item title=\u00a0\u00bbJ&rsquo;ai plus de 35 ans. Est-ce que je suis trop vieux pour b\u00e9n\u00e9ficier de vos services?\u00a0\u00bb _builder_version=\u00a0\u00bb4.27.4&Prime; _module_preset=\u00a0\u00bbdefault\u00a0\u00bb global_colors_info=\u00a0\u00bb{}\u00a0\u00bb open=\u00a0\u00bboff\u00a0\u00bb]<\/p>\n<p>Pas du tout! Nos services sont ouverts \u00e0 toutes les personnes, peu importe leur \u00e2ge dans les MRC de Domaine-du-Roy et de Maria-Chapdelaine. On est l\u00e0 pour t&rsquo;accompagner dans ton cheminement professionnel peu importe ton \u00e2ge.<\/p>\n<p>[\/et_pb_accordion_item][et_pb_accordion_item title=\u00a0\u00bb Est-ce qu&rsquo;il y a des frais pour utiliser vos services?\u00a0\u00bb _builder_version=\u00a0\u00bb4.27.4&Prime; _module_preset=\u00a0\u00bbdefault\u00a0\u00bb global_colors_info=\u00a0\u00bb{}\u00a0\u00bb open=\u00a0\u00bboff\u00a0\u00bb]<\/p>\n<p>Non, nos services sont enti\u00e8rement gratuits! Le CJE des Bleuets est l\u00e0 pour t&rsquo;accompagner sans frais.<\/p>\n<p>[\/et_pb_accordion_item][et_pb_accordion_item title=\u00a0\u00bbJe n&rsquo;ai pas d&rsquo;ordinateur pour ma recherche d&#8217;emploi ni pour envoyer mon CV, pouvez-vous m&rsquo;aider?\u00a0\u00bb _builder_version=\u00a0\u00bb4.27.4&Prime; _module_preset=\u00a0\u00bbdefault\u00a0\u00bb global_colors_info=\u00a0\u00bb{}\u00a0\u00bb open=\u00a0\u00bboff\u00a0\u00bb]<\/p>\n<p>Au CJE, tu peux b\u00e9n\u00e9ficier d&rsquo;un ordinateur sur dans nos locaux pour envoyer ton CV et pour parcourir les emplois disponibles en ligne.<\/p>\n<p>[\/et_pb_accordion_item][et_pb_accordion_item title=\u00a0\u00bbJ&rsquo;ai d\u00e9j\u00e0 r\u00e9dig\u00e9 mon CV. Est-ce que je peux quand m\u00eame b\u00e9n\u00e9ficier de vos services?\u00a0\u00bb open=\u00a0\u00bboff\u00a0\u00bb _builder_version=\u00a0\u00bb4.27.4&Prime; _module_preset=\u00a0\u00bbdefault\u00a0\u00bb global_colors_info=\u00a0\u00bb{}\u00a0\u00bb]<\/p>\n<p>Bien s\u00fbr! Le CV est une \u00e9tape importante, mais c\u2019est la derni\u00e8re dans ta recherche d&#8217;emploi. Il est essentiel d\u2019\u00eatre bien pr\u00e9par\u00e9 pour toutes les \u00e9tapes pr\u00e9c\u00e9dentes, comme la pr\u00e9paration aux entrevues d&#8217;embauche, la d\u00e9finition de tes objectifs ou m\u00eame la recherche d&rsquo;opportunit\u00e9s. Si tu veux t&rsquo;assurer d&rsquo;\u00eatre pr\u00eat \u00e0 chaque \u00e9tape, n&rsquo;h\u00e9site pas \u00e0 nous contacter.<\/p>\n<p>[\/et_pb_accordion_item][\/et_pb_accordion][\/et_pb_column][\/et_pb_row][et_pb_row _builder_version=\u00a0\u00bb4.27.4&Prime; _module_preset=\u00a0\u00bbdefault\u00a0\u00bb global_colors_info=\u00a0\u00bb{}\u00a0\u00bb][et_pb_column type=\u00a0\u00bb4_4&Prime; _builder_version=\u00a0\u00bb4.27.4&Prime; _module_preset=\u00a0\u00bbdefault\u00a0\u00bb global_colors_info=\u00a0\u00bb{}\u00a0\u00bb][et_pb_button button_url=\u00a0\u00bb@ET-DC@eyJkeW5hbWljIjp0cnVlLCJjb250ZW50IjoicG9zdF9saW5rX3VybF9wYWdlIiwic2V0dGluZ3MiOnsicG9zdF9pZCI6IjE2In19@\u00a0\u00bb button_text=\u00a0\u00bb\u00c9cris-nous!\u00a0\u00bb button_alignment=\u00a0\u00bbcenter\u00a0\u00bb _builder_version=\u00a0\u00bb4.27.4&Prime; _dynamic_attributes=\u00a0\u00bbbutton_url\u00a0\u00bb _module_preset=\u00a0\u00bbdefault\u00a0\u00bb global_colors_info=\u00a0\u00bb{}\u00a0\u00bb][\/et_pb_button][\/et_pb_column][\/et_pb_row][et_pb_row module_class=\u00a0\u00bbbloc-citation-pointille-reverse\u00a0\u00bb _builder_version=\u00a0\u00bb4.27.4&Prime; _module_preset=\u00a0\u00bbdefault\u00a0\u00bb background_color=\u00a0\u00bb#FFFFFF\u00a0\u00bb global_colors_info=\u00a0\u00bb{}\u00a0\u00bb][et_pb_column type=\u00a0\u00bb4_4&Prime; _builder_version=\u00a0\u00bb4.27.4&Prime; _module_preset=\u00a0\u00bbdefault\u00a0\u00bb global_colors_info=\u00a0\u00bb{}\u00a0\u00bb][et_pb_blurb image=\u00a0\u00bbhttps:\/\/cjedesbleuets.ca\/wp-content\/uploads\/2025\/03\/maryse-perron-photo-rond-cje.jpg\u00a0\u00bb alt=\u00a0\u00bbmaryse-perron-photo-rond-cje\u00a0\u00bb icon_placement=\u00a0\u00bbleft\u00a0\u00bb _builder_version=\u00a0\u00bb4.27.4&Prime; _module_preset=\u00a0\u00bbdefault\u00a0\u00bb global_colors_info=\u00a0\u00bb{}\u00a0\u00bb]<\/p>\n<h4>\u00ab Au CJE, on est l\u00e0 pour r\u00e9pondre \u00e0 tes questions. Peu importe ce que tu veux savoir, toute l&rsquo;\u00e9quipe est l\u00e0 pour te guider \u00e0 chaque \u00e9tape de ton processus. \u00bb<\/h4>\n<h5>Maryse Perron<\/h5>\n<h6>Adjointe administrative<\/h6>\n<p>[\/et_pb_blurb][\/et_pb_column][\/et_pb_row][\/et_pb_section]<\/p>\n","protected":false},"excerpt":{"rendered":"<p>CJE des Bleuets Foire aux questionsDes r\u00e9ponses \u00e0 tes questions! Toutes les questions fr\u00e9quentes sur les services et l&rsquo;accompagnement du CJE des Bleuets Tu as des questions? On a les r\u00e9ponses! Si tu ne trouves pas les r\u00e9ponses que tu as besoin, contacte-nous!Il te suffit de nous contacter pour prendre rendez-vous avec l&rsquo;un de nos [&hellip;]<\/p>\n","protected":false},"author":5,"featured_media":0,"parent":0,"menu_order":0,"comment_status":"closed","ping_status":"closed","template":"","meta":{"_et_pb_use_builder":"on","_et_pb_old_content":"<!-- wp:divi\/placeholder \/-->","_et_gb_content_width":"","footnotes":""},"class_list":["post-18","page","type-page","status-publish","hentry"],"yoast_head":"<!-- This site is optimized with the Yoast SEO plugin v27.6 - https:\/\/yoast.com\/product\/yoast-seo-wordpress\/ -->\n<title>FAQ | CJE des Bleuets<\/title>\n<meta name=\"robots\" content=\"index, follow, max-snippet:-1, max-image-preview:large, max-video-preview:-1\" \/>\n<link rel=\"canonical\" href=\"https:\/\/cjedesbleuets.ca\/fr\/faq\/\" \/>\n<meta property=\"og:locale\" content=\"fr_FR\" \/>\n<meta property=\"og:type\" content=\"article\" \/>\n<meta property=\"og:title\" content=\"FAQ | CJE des Bleuets\" \/>\n<meta property=\"og:description\" content=\"CJE des Bleuets Foire aux questionsDes r\u00e9ponses \u00e0 tes questions! Toutes les questions fr\u00e9quentes sur les services et l&#039;accompagnement du CJE des Bleuets Tu as des questions? On a les r\u00e9ponses! Si tu ne trouves pas les r\u00e9ponses que tu as besoin, contacte-nous!Il te suffit de nous contacter pour prendre rendez-vous avec l&#039;un de nos [&hellip;]\" \/>\n<meta property=\"og:url\" content=\"https:\/\/cjedesbleuets.ca\/fr\/faq\/\" \/>\n<meta property=\"og:site_name\" content=\"CJE des Bleuets\" \/>\n<meta property=\"article:modified_time\" content=\"2026-03-04T15:09:25+00:00\" \/>\n<meta property=\"og:image\" content=\"https:\/\/cjedesbleuets.ca\/wp-content\/uploads\/2025\/04\/cje-des-bleuets-site-web.jpg\" \/>\n\t<meta property=\"og:image:width\" content=\"1200\" \/>\n\t<meta property=\"og:image:height\" content=\"675\" \/>\n\t<meta property=\"og:image:type\" content=\"image\/jpeg\" \/>\n<meta name=\"twitter:card\" content=\"summary_large_image\" \/>\n<script type=\"application\/ld+json\" class=\"yoast-schema-graph\">{\"@context\":\"https:\\\/\\\/schema.org\",\"@graph\":[{\"@type\":\"WebPage\",\"@id\":\"https:\\\/\\\/cjedesbleuets.ca\\\/fr\\\/faq\\\/\",\"url\":\"https:\\\/\\\/cjedesbleuets.ca\\\/fr\\\/faq\\\/\",\"name\":\"FAQ | CJE des Bleuets\",\"isPartOf\":{\"@id\":\"https:\\\/\\\/cjedesbleuets.ca\\\/fr\\\/#website\"},\"datePublished\":\"2025-02-04T16:43:23+00:00\",\"dateModified\":\"2026-03-04T15:09:25+00:00\",\"breadcrumb\":{\"@id\":\"https:\\\/\\\/cjedesbleuets.ca\\\/fr\\\/faq\\\/#breadcrumb\"},\"inLanguage\":\"fr-FR\",\"potentialAction\":[{\"@type\":\"ReadAction\",\"target\":[\"https:\\\/\\\/cjedesbleuets.ca\\\/fr\\\/faq\\\/\"]}]},{\"@type\":\"BreadcrumbList\",\"@id\":\"https:\\\/\\\/cjedesbleuets.ca\\\/fr\\\/faq\\\/#breadcrumb\",\"itemListElement\":[{\"@type\":\"ListItem\",\"position\":1,\"name\":\"Accueil\",\"item\":\"https:\\\/\\\/cjedesbleuets.ca\\\/fr\\\/\"},{\"@type\":\"ListItem\",\"position\":2,\"name\":\"FAQ\"}]},{\"@type\":\"WebSite\",\"@id\":\"https:\\\/\\\/cjedesbleuets.ca\\\/fr\\\/#website\",\"url\":\"https:\\\/\\\/cjedesbleuets.ca\\\/fr\\\/\",\"name\":\"CJE des Bleuets\",\"description\":\"\",\"potentialAction\":[{\"@type\":\"SearchAction\",\"target\":{\"@type\":\"EntryPoint\",\"urlTemplate\":\"https:\\\/\\\/cjedesbleuets.ca\\\/fr\\\/?s={search_term_string}\"},\"query-input\":{\"@type\":\"PropertyValueSpecification\",\"valueRequired\":true,\"valueName\":\"search_term_string\"}}],\"inLanguage\":\"fr-FR\"}]}<\/script>\n<!-- \/ Yoast SEO plugin. -->","yoast_head_json":{"title":"FAQ | CJE des Bleuets","robots":{"index":"index","follow":"follow","max-snippet":"max-snippet:-1","max-image-preview":"max-image-preview:large","max-video-preview":"max-video-preview:-1"},"canonical":"https:\/\/cjedesbleuets.ca\/fr\/faq\/","og_locale":"fr_FR","og_type":"article","og_title":"FAQ | CJE des Bleuets","og_description":"CJE des Bleuets Foire aux questionsDes r\u00e9ponses \u00e0 tes questions! Toutes les questions fr\u00e9quentes sur les services et l'accompagnement du CJE des Bleuets Tu as des questions? On a les r\u00e9ponses! Si tu ne trouves pas les r\u00e9ponses que tu as besoin, contacte-nous!Il te suffit de nous contacter pour prendre rendez-vous avec l'un de nos [&hellip;]","og_url":"https:\/\/cjedesbleuets.ca\/fr\/faq\/","og_site_name":"CJE des Bleuets","article_modified_time":"2026-03-04T15:09:25+00:00","og_image":[{"width":1200,"height":675,"url":"https:\/\/cjedesbleuets.ca\/wp-content\/uploads\/2025\/04\/cje-des-bleuets-site-web.jpg","type":"image\/jpeg"}],"twitter_card":"summary_large_image","schema":{"@context":"https:\/\/schema.org","@graph":[{"@type":"WebPage","@id":"https:\/\/cjedesbleuets.ca\/fr\/faq\/","url":"https:\/\/cjedesbleuets.ca\/fr\/faq\/","name":"FAQ | CJE des Bleuets","isPartOf":{"@id":"https:\/\/cjedesbleuets.ca\/fr\/#website"},"datePublished":"2025-02-04T16:43:23+00:00","dateModified":"2026-03-04T15:09:25+00:00","breadcrumb":{"@id":"https:\/\/cjedesbleuets.ca\/fr\/faq\/#breadcrumb"},"inLanguage":"fr-FR","potentialAction":[{"@type":"ReadAction","target":["https:\/\/cjedesbleuets.ca\/fr\/faq\/"]}]},{"@type":"BreadcrumbList","@id":"https:\/\/cjedesbleuets.ca\/fr\/faq\/#breadcrumb","itemListElement":[{"@type":"ListItem","position":1,"name":"Accueil","item":"https:\/\/cjedesbleuets.ca\/fr\/"},{"@type":"ListItem","position":2,"name":"FAQ"}]},{"@type":"WebSite","@id":"https:\/\/cjedesbleuets.ca\/fr\/#website","url":"https:\/\/cjedesbleuets.ca\/fr\/","name":"CJE des Bleuets","description":"","potentialAction":[{"@type":"SearchAction","target":{"@type":"EntryPoint","urlTemplate":"https:\/\/cjedesbleuets.ca\/fr\/?s={search_term_string}"},"query-input":{"@type":"PropertyValueSpecification","valueRequired":true,"valueName":"search_term_string"}}],"inLanguage":"fr-FR"}]}},"_links":{"self":[{"href":"https:\/\/cjedesbleuets.ca\/fr\/wp-json\/wp\/v2\/pages\/18","targetHints":{"allow":["GET"]}}],"collection":[{"href":"https:\/\/cjedesbleuets.ca\/fr\/wp-json\/wp\/v2\/pages"}],"about":[{"href":"https:\/\/cjedesbleuets.ca\/fr\/wp-json\/wp\/v2\/types\/page"}],"author":[{"embeddable":true,"href":"https:\/\/cjedesbleuets.ca\/fr\/wp-json\/wp\/v2\/users\/5"}],"replies":[{"embeddable":true,"href":"https:\/\/cjedesbleuets.ca\/fr\/wp-json\/wp\/v2\/comments?post=18"}],"version-history":[{"count":14,"href":"https:\/\/cjedesbleuets.ca\/fr\/wp-json\/wp\/v2\/pages\/18\/revisions"}],"predecessor-version":[{"id":492,"href":"https:\/\/cjedesbleuets.ca\/fr\/wp-json\/wp\/v2\/pages\/18\/revisions\/492"}],"wp:attachment":[{"href":"https:\/\/cjedesbleuets.ca\/fr\/wp-json\/wp\/v2\/media?parent=18"}],"curies":[{"name":"wp","href":"https:\/\/api.w.org\/{rel}","templated":true}]}}