{"id":16,"date":"2025-02-04T17:43:09","date_gmt":"2025-02-04T16:43:09","guid":{"rendered":"https:\/\/cjedesbleuets.ca\/?page_id=16"},"modified":"2026-05-07T17:02:58","modified_gmt":"2026-05-07T15:02:58","slug":"contact","status":"publish","type":"page","link":"https:\/\/cjedesbleuets.ca\/fr\/contact\/","title":{"rendered":"Contact"},"content":{"rendered":"<p>[et_pb_section fb_built=\u00a0\u00bb1&Prime; _builder_version=\u00a0\u00bb4.27.4&Prime; _module_preset=\u00a0\u00bbdefault\u00a0\u00bb background_image=\u00a0\u00bbhttps:\/\/cjedesbleuets.ca\/wp-content\/uploads\/2025\/02\/bandau-cje-des-bleuets.svg\u00a0\u00bb background_position=\u00a0\u00bbbottom_center\u00a0\u00bb width=\u00a0\u00bb100%\u00a0\u00bb max_width=\u00a0\u00bb100%\u00a0\u00bb custom_margin=\u00a0\u00bb||||false|false\u00a0\u00bb custom_padding=\u00a0\u00bb||0px||false|false\u00a0\u00bb global_colors_info=\u00a0\u00bb{}\u00a0\u00bb][et_pb_row _builder_version=\u00a0\u00bb4.27.4&Prime; _module_preset=\u00a0\u00bbdefault\u00a0\u00bb custom_padding=\u00a0\u00bb||0px||false|false\u00a0\u00bb global_colors_info=\u00a0\u00bb{}\u00a0\u00bb][et_pb_column type=\u00a0\u00bb4_4&Prime; _builder_version=\u00a0\u00bb4.27.4&Prime; _module_preset=\u00a0\u00bbdefault\u00a0\u00bb global_colors_info=\u00a0\u00bb{}\u00a0\u00bb][et_pb_text module_class=\u00a0\u00bbh4-texte-bleu h1-fond-bleu\u00a0\u00bb _builder_version=\u00a0\u00bb4.27.4&Prime; _module_preset=\u00a0\u00bbdefault\u00a0\u00bb global_colors_info=\u00a0\u00bb{}\u00a0\u00bb]<\/p>\n<h4>CJE des Bleuets<\/h4>\n<h1>Contact<\/h1>\n<p>[\/et_pb_text][\/et_pb_column][\/et_pb_row][\/et_pb_section][et_pb_section fb_built=\u00a0\u00bb1&Prime; _builder_version=\u00a0\u00bb4.27.4&Prime; _module_preset=\u00a0\u00bbdefault\u00a0\u00bb global_colors_info=\u00a0\u00bb{}\u00a0\u00bb][et_pb_row _builder_version=\u00a0\u00bb4.27.4&Prime; _module_preset=\u00a0\u00bbdefault\u00a0\u00bb global_colors_info=\u00a0\u00bb{}\u00a0\u00bb][et_pb_column type=\u00a0\u00bb4_4&Prime; _builder_version=\u00a0\u00bb4.27.4&Prime; _module_preset=\u00a0\u00bbdefault\u00a0\u00bb global_colors_info=\u00a0\u00bb{}\u00a0\u00bb][et_pb_text module_class=\u00a0\u00bbh5-texte-bleu\u00a0\u00bb _builder_version=\u00a0\u00bb4.27.4&Prime; _module_preset=\u00a0\u00bbdefault\u00a0\u00bb global_colors_info=\u00a0\u00bb{}\u00a0\u00bb]<\/p>\n<h2>Prends rendez-vous avec nous<\/h2>\n<p>Besoin d&rsquo;informations? On est l\u00e0 pour t\u2019accompagner. Remplis le formulaire ci-dessous ou contacte-nous pour prendre rendez-vous avec nous.<\/p>\n<p>[\/et_pb_text][\/et_pb_column][\/et_pb_row][et_pb_row module_class=\u00a0\u00bbbloc-citation-pointille\u00a0\u00bb _builder_version=\u00a0\u00bb4.27.4&Prime; _module_preset=\u00a0\u00bbdefault\u00a0\u00bb background_color=\u00a0\u00bb#FFFFFF\u00a0\u00bb global_colors_info=\u00a0\u00bb{}\u00a0\u00bb][et_pb_column type=\u00a0\u00bb4_4&Prime; _builder_version=\u00a0\u00bb4.27.4&Prime; _module_preset=\u00a0\u00bbdefault\u00a0\u00bb global_colors_info=\u00a0\u00bb{}\u00a0\u00bb][et_pb_blurb image=\u00a0\u00bbhttps:\/\/cjedesbleuets.ca\/wp-content\/uploads\/2025\/02\/diane-bouchard-photo-rond-cje.jpg\u00a0\u00bb alt=\u00a0\u00bbdiane-bouchard-photo-rond-cje\u00a0\u00bb icon_placement=\u00a0\u00bbleft\u00a0\u00bb _builder_version=\u00a0\u00bb4.27.4&Prime; _module_preset=\u00a0\u00bbdefault\u00a0\u00bb hover_transition_duration=\u00a0\u00bb0ms\u00a0\u00bb global_colors_info=\u00a0\u00bb{}\u00a0\u00bb]<\/p>\n<h4>\u00ab Peu importe ton \u00e2ge \u00e0 partir de 15 ans, on t&rsquo;accueille en te rassurant. Tu es au bon endroit! Et quand tu repars plus confiant, c&rsquo;est mission accomplie! \u00bb<\/h4>\n<h5>Diane Bouchard<\/h5>\n<h6>Agente d&rsquo;accueil<\/h6>\n<p>[\/et_pb_blurb][\/et_pb_column][\/et_pb_row][et_pb_row module_class=\u00a0\u00bbbloc-citation-pointille\u00a0\u00bb _builder_version=\u00a0\u00bb4.27.4&Prime; _module_preset=\u00a0\u00bbdefault\u00a0\u00bb background_color=\u00a0\u00bb#FFFFFF\u00a0\u00bb global_colors_info=\u00a0\u00bb{}\u00a0\u00bb][et_pb_column type=\u00a0\u00bb4_4&Prime; _builder_version=\u00a0\u00bb4.27.4&Prime; _module_preset=\u00a0\u00bbdefault\u00a0\u00bb global_colors_info=\u00a0\u00bb{}\u00a0\u00bb][et_pb_blurb image=\u00a0\u00bbhttps:\/\/cjedesbleuets.ca\/wp-content\/uploads\/2026\/05\/Johanne-Larouche.png\u00a0\u00bb alt=\u00a0\u00bbdiane-bouchard-photo-rond-cje\u00a0\u00bb icon_placement=\u00a0\u00bbleft\u00a0\u00bb _builder_version=\u00a0\u00bb4.27.4&Prime; _module_preset=\u00a0\u00bbdefault\u00a0\u00bb hover_transition_duration=\u00a0\u00bb0ms\u00a0\u00bb global_colors_info=\u00a0\u00bb{}\u00a0\u00bb]<\/p>\n<h4>\u00ab <span>L\u2019accueil au CJE, c\u2019est notre mani\u00e8re douce de dire : on marche avec toi. <\/span>\u00bb<\/h4>\n<h5>Johanne Larouche<\/h5>\n<h6>Agente d&rsquo;accueil<\/h6>\n<p>[\/et_pb_blurb][\/et_pb_column][\/et_pb_row][\/et_pb_section][et_pb_section fb_built=\u00a0\u00bb1&Prime; module_class=\u00a0\u00bbformulaire-fond-blanc\u00a0\u00bb _builder_version=\u00a0\u00bb4.27.4&Prime; _module_preset=\u00a0\u00bbdefault\u00a0\u00bb background_image=\u00a0\u00bbhttps:\/\/cjedesbleuets.ca\/wp-content\/uploads\/2025\/02\/bandeau-gris-1.svg\u00a0\u00bb global_colors_info=\u00a0\u00bb{}\u00a0\u00bb][et_pb_row _builder_version=\u00a0\u00bb4.27.4&Prime; _module_preset=\u00a0\u00bbdefault\u00a0\u00bb global_colors_info=\u00a0\u00bb{}\u00a0\u00bb][et_pb_column type=\u00a0\u00bb4_4&Prime; _builder_version=\u00a0\u00bb4.27.4&Prime; _module_preset=\u00a0\u00bbdefault\u00a0\u00bb global_colors_info=\u00a0\u00bb{}\u00a0\u00bb][et_pb_code _builder_version=\u00a0\u00bb4.27.4&Prime; _module_preset=\u00a0\u00bbdefault\u00a0\u00bb global_colors_info=\u00a0\u00bb{}\u00a0\u00bb]\n<div class=\"wpcf7 no-js\" id=\"wpcf7-f76-o1\" lang=\"fr-FR\" dir=\"ltr\" data-wpcf7-id=\"76\">\n<div class=\"screen-reader-response\"><p role=\"status\" aria-live=\"polite\" aria-atomic=\"true\"><\/p> <ul><\/ul><\/div>\n<form action=\"\/fr\/wp-json\/wp\/v2\/pages\/16#wpcf7-f76-o1\" method=\"post\" class=\"wpcf7-form init\" aria-label=\"Formulaire de contact\" novalidate=\"novalidate\" data-status=\"init\">\n<fieldset class=\"hidden-fields-container\"><input type=\"hidden\" name=\"_wpcf7\" value=\"76\" \/><input type=\"hidden\" name=\"_wpcf7_version\" value=\"6.1.6\" \/><input type=\"hidden\" name=\"_wpcf7_locale\" value=\"fr_FR\" \/><input type=\"hidden\" name=\"_wpcf7_unit_tag\" value=\"wpcf7-f76-o1\" \/><input type=\"hidden\" name=\"_wpcf7_container_post\" value=\"0\" \/><input type=\"hidden\" name=\"_wpcf7_posted_data_hash\" value=\"\" \/><input type=\"hidden\" name=\"_wpcf7_recaptcha_response\" value=\"\" \/>\n<\/fieldset>\n<div class=\"input-50\">\n\t<p><span class=\"wpcf7-form-control-wrap\" data-name=\"nom\"><input size=\"40\" maxlength=\"400\" class=\"wpcf7-form-control wpcf7-text wpcf7-validates-as-required\" aria-required=\"true\" aria-invalid=\"false\" placeholder=\"Nom complet\" value=\"\" type=\"text\" name=\"nom\" \/><\/span><br \/>\n<span class=\"wpcf7-form-control-wrap\" data-name=\"tel\"><input size=\"40\" maxlength=\"400\" class=\"wpcf7-form-control wpcf7-tel wpcf7-text wpcf7-validates-as-tel\" aria-invalid=\"false\" placeholder=\"Num\u00e9ro de t\u00e9l\u00e9phone\" value=\"\" type=\"tel\" name=\"tel\" \/><\/span>\n\t<\/p>\n<\/div>\n<p><span class=\"wpcf7-form-control-wrap\" data-name=\"courriel\"><input size=\"40\" maxlength=\"400\" class=\"wpcf7-form-control wpcf7-email wpcf7-validates-as-required wpcf7-text wpcf7-validates-as-email\" aria-required=\"true\" aria-invalid=\"false\" placeholder=\"Adresse courriel\" value=\"\" type=\"email\" name=\"courriel\" \/><\/span><br \/>\n<span class=\"wpcf7-form-control-wrap dsm-contact-form-7-select\" data-name=\"ville\"><select class=\"wpcf7-form-control wpcf7-select et_pb_contact_select input\" aria-invalid=\"false\" name=\"ville\"><option value=\"\">Ville<\/option><option value=\"Dolbeau-Mistassini\">Dolbeau-Mistassini<\/option><option value=\"Roberval\">Roberval<\/option><option value=\"Saint-F\u00e9licien\">Saint-F\u00e9licien<\/option><\/select><\/span><br \/>\n<span class=\"wpcf7-form-control-wrap\" data-name=\"message\"><textarea cols=\"40\" rows=\"10\" maxlength=\"2000\" class=\"wpcf7-form-control wpcf7-textarea\" aria-invalid=\"false\" placeholder=\"Message\" name=\"message\"><\/textarea><\/span>\n<\/p>\n<p><button type=\"submit\" class=\"submit\">Envoyer<\/button>\n<\/p><div class=\"wpcf7-response-output\" aria-hidden=\"true\"><\/div>\n<\/form>\n<\/div>\n[\/et_pb_code][\/et_pb_column][\/et_pb_row][\/et_pb_section][et_pb_section fb_built=\u00a0\u00bb1&Prime; _builder_version=\u00a0\u00bb4.27.4&Prime; _module_preset=\u00a0\u00bbdefault\u00a0\u00bb global_colors_info=\u00a0\u00bb{}\u00a0\u00bb][et_pb_row _builder_version=\u00a0\u00bb4.27.4&Prime; _module_preset=\u00a0\u00bbdefault\u00a0\u00bb global_colors_info=\u00a0\u00bb{}\u00a0\u00bb][et_pb_column type=\u00a0\u00bb4_4&Prime; _builder_version=\u00a0\u00bb4.27.4&Prime; _module_preset=\u00a0\u00bbdefault\u00a0\u00bb global_colors_info=\u00a0\u00bb{}\u00a0\u00bb][et_pb_text _builder_version=\u00a0\u00bb4.27.4&Prime; _module_preset=\u00a0\u00bbdefault\u00a0\u00bb global_colors_info=\u00a0\u00bb{}\u00a0\u00bb]<\/p>\n<h2>Nos points de services<\/h2>\n<p>[\/et_pb_text][\/et_pb_column][\/et_pb_row][et_pb_row column_structure=\u00a0\u00bb1_3,1_3,1_3&Prime; module_class=\u00a0\u00bbrow-contact\u00a0\u00bb _builder_version=\u00a0\u00bb4.27.4&Prime; _module_preset=\u00a0\u00bbdefault\u00a0\u00bb global_colors_info=\u00a0\u00bb{}\u00a0\u00bb][et_pb_column type=\u00a0\u00bb1_3&Prime; _builder_version=\u00a0\u00bb4.27.4&Prime; _module_preset=\u00a0\u00bbdefault\u00a0\u00bb global_colors_info=\u00a0\u00bb{}\u00a0\u00bb][et_pb_text module_class=\u00a0\u00bbh4-texte-bleu\u00a0\u00bb _builder_version=\u00a0\u00bb4.27.4&Prime; _module_preset=\u00a0\u00bbdefault\u00a0\u00bb global_colors_info=\u00a0\u00bb{}\u00a0\u00bb]<\/p>\n<h4>Saint-F\u00e9licien<\/h4>\n<p><a href=\"https:\/\/maps.app.goo.gl\/8tCkJ5FsToJ5FXzM7\" target=\"_blank\" rel=\"noopener\">1112, boul. Sacr\u00e9-C\u0153ur,<\/a><br \/><a href=\"https:\/\/maps.app.goo.gl\/8tCkJ5FsToJ5FXzM7\" target=\"_blank\" rel=\"noopener\">Bureau 202, Saint-F\u00e9licien,<\/a><br \/><a href=\"https:\/\/maps.app.goo.gl\/8tCkJ5FsToJ5FXzM7\" target=\"_blank\" rel=\"noopener\">QC G8K 1A2<\/a><\/p>\n<h6><a href=\"tel:4186793686\" target=\"_blank\" rel=\"noopener\">418.679.3686<\/a><\/h6>\n<p>Sans frais: <a href=\"tel:18776793686\" target=\"_blank\" rel=\"noopener\">1.877.679.3686<\/a><br \/><a href=\"mailto:info@cjedesbleuets.ca\" target=\"_blank\" rel=\"noopener\">info@cjedesbleuets.ca<\/a><\/p>\n<p>[\/et_pb_text][\/et_pb_column][et_pb_column type=\u00a0\u00bb1_3&Prime; _builder_version=\u00a0\u00bb4.27.4&Prime; _module_preset=\u00a0\u00bbdefault\u00a0\u00bb global_colors_info=\u00a0\u00bb{}\u00a0\u00bb][et_pb_text module_class=\u00a0\u00bbh4-texte-bleu\u00a0\u00bb _builder_version=\u00a0\u00bb4.27.4&Prime; _module_preset=\u00a0\u00bbdefault\u00a0\u00bb global_colors_info=\u00a0\u00bb{}\u00a0\u00bb]<\/p>\n<h4>Roberval<\/h4>\n<p><a href=\"https:\/\/maps.app.goo.gl\/Lmz3PghhstoVrvTw5\" target=\"_blank\" rel=\"noopener\">729, boul. Saint-Joseph,<\/a><br \/><a href=\"https:\/\/maps.app.goo.gl\/Lmz3PghhstoVrvTw5\" target=\"_blank\" rel=\"noopener\">Bureau 201, Roberval,<\/a><br \/><a href=\"https:\/\/maps.app.goo.gl\/Lmz3PghhstoVrvTw5\" target=\"_blank\" rel=\"noopener\">QC G8H 2L4<\/a><\/p>\n<h6><a href=\"tel:4182756262\" target=\"_blank\" rel=\"noopener\">418.275.6262<\/a><\/h6>\n<p>Sans frais: <a href=\"tel:18776793686\" target=\"_blank\" rel=\"noopener\">1.877.679.3686<\/a><br \/><a href=\"mailto:info@cjedesbleuets.ca\" target=\"_blank\" rel=\"noopener\">info@cjedesbleuets.ca<\/a><\/p>\n<p>[\/et_pb_text][\/et_pb_column][et_pb_column type=\u00a0\u00bb1_3&Prime; _builder_version=\u00a0\u00bb4.27.4&Prime; _module_preset=\u00a0\u00bbdefault\u00a0\u00bb global_colors_info=\u00a0\u00bb{}\u00a0\u00bb][et_pb_text module_class=\u00a0\u00bbh4-texte-bleu\u00a0\u00bb _builder_version=\u00a0\u00bb4.27.4&Prime; _module_preset=\u00a0\u00bbdefault\u00a0\u00bb global_colors_info=\u00a0\u00bb{}\u00a0\u00bb]<\/p>\n<h4>Dolbeau-\u2028Mistassini<\/h4>\n<p><a href=\"https:\/\/maps.app.goo.gl\/Dtqf1sxsLkEj3VG3A\" target=\"_blank\" rel=\"noopener\">1201, rue des \u00c9rables,<\/a><br \/><a href=\"https:\/\/maps.app.goo.gl\/Dtqf1sxsLkEj3VG3A\" target=\"_blank\" rel=\"noopener\">bureau 200, Dolbeau-Mistassini,<br \/>QC G8L 1C2<\/a><\/p>\n<h6><a href=\"tel:4182763626\" target=\"_blank\" rel=\"noopener\">418.276.3626<\/a><\/h6>\n<p>T\u00e9l\u00e9copieur: <a href=\"tel:4182763321\" target=\"_blank\" rel=\"noopener\">418.276.3321<\/a><br \/>Sans frais: <a href=\"tel:18776793686\" target=\"_blank\" rel=\"noopener\">1.877.679.3686<\/a><br \/><a href=\"mailto:info@cjedesbleuets.ca\" target=\"_blank\" rel=\"noopener\">info@cjedesbleuets.ca<\/a><\/p>\n<p>[\/et_pb_text][\/et_pb_column][\/et_pb_row][et_pb_row _builder_version=\u00a0\u00bb4.27.4&Prime; _module_preset=\u00a0\u00bbdefault\u00a0\u00bb global_colors_info=\u00a0\u00bb{}\u00a0\u00bb][et_pb_column type=\u00a0\u00bb4_4&Prime; _builder_version=\u00a0\u00bb4.27.4&Prime; _module_preset=\u00a0\u00bbdefault\u00a0\u00bb global_colors_info=\u00a0\u00bb{}\u00a0\u00bb][et_pb_button button_url=\u00a0\u00bb@ET-DC@eyJkeW5hbWljIjp0cnVlLCJjb250ZW50IjoicG9zdF9saW5rX3VybF9wYWdlIiwic2V0dGluZ3MiOnsicG9zdF9pZCI6IjE4In19@\u00a0\u00bb button_text=\u00a0\u00bbParcourir notre foire aux questions\u00a0\u00bb button_alignment=\u00a0\u00bbcenter\u00a0\u00bb _builder_version=\u00a0\u00bb4.27.4&Prime; _dynamic_attributes=\u00a0\u00bbbutton_url\u00a0\u00bb _module_preset=\u00a0\u00bbdefault\u00a0\u00bb global_colors_info=\u00a0\u00bb{}\u00a0\u00bb][\/et_pb_button][\/et_pb_column][\/et_pb_row][et_pb_row _builder_version=\u00a0\u00bb4.27.4&Prime; _module_preset=\u00a0\u00bbdefault\u00a0\u00bb global_colors_info=\u00a0\u00bb{}\u00a0\u00bb][et_pb_column type=\u00a0\u00bb4_4&Prime; _builder_version=\u00a0\u00bb4.27.4&Prime; _module_preset=\u00a0\u00bbdefault\u00a0\u00bb global_colors_info=\u00a0\u00bb{}\u00a0\u00bb][et_pb_text _builder_version=\u00a0\u00bb4.27.4&Prime; _module_preset=\u00a0\u00bbdefault\u00a0\u00bb global_colors_info=\u00a0\u00bb{}\u00a0\u00bb]<\/p>\n<h2>Heures d\u2019ouverture<\/h2>\n<h6><strong>Lundi au Vendredi <\/strong>: 8 h 30 \u00e0 12 h, 13 h \u00e0 16 h 30<\/h6>\n<h6><strong>Samedi et Dimanche : Ferm\u00e9<\/strong><\/h6>\n<p>[\/et_pb_text][\/et_pb_column][\/et_pb_row][et_pb_row module_class=\u00a0\u00bbbloc-citation-pointille-reverse\u00a0\u00bb _builder_version=\u00a0\u00bb4.27.4&Prime; _module_preset=\u00a0\u00bbdefault\u00a0\u00bb background_color=\u00a0\u00bb#FFFFFF\u00a0\u00bb custom_margin=\u00a0\u00bb25px||||false|false\u00a0\u00bb global_colors_info=\u00a0\u00bb{}\u00a0\u00bb][et_pb_column type=\u00a0\u00bb4_4&Prime; _builder_version=\u00a0\u00bb4.27.4&Prime; _module_preset=\u00a0\u00bbdefault\u00a0\u00bb global_colors_info=\u00a0\u00bb{}\u00a0\u00bb][et_pb_blurb image=\u00a0\u00bbhttps:\/\/cjedesbleuets.ca\/wp-content\/uploads\/2025\/03\/melanie-vincent-rond.png\u00a0\u00bb alt=\u00a0\u00bbmelanie-vincent-rond\u00a0\u00bb icon_placement=\u00a0\u00bbleft\u00a0\u00bb _builder_version=\u00a0\u00bb4.27.4&Prime; _module_preset=\u00a0\u00bbdefault\u00a0\u00bb global_colors_info=\u00a0\u00bb{}\u00a0\u00bb]<\/p>\n<h4>\u00ab Au CJE, on sait qu\u2019on fait une diff\u00e9rence. On est l\u00e0 pour t\u2019aider \u00e0 garder espoir et \u00e0 avancer vers ton avenir professionnel. \u00bb<\/h4>\n<h5>M\u00e9lanie Vincent<\/h5>\n<h6>Intervenante en employabilit\u00e9<\/h6>\n<p>[\/et_pb_blurb][\/et_pb_column][\/et_pb_row][\/et_pb_section]<\/p>\n","protected":false},"excerpt":{"rendered":"<p>CJE des Bleuets ContactPrends rendez-vous avec nous Besoin d&rsquo;informations? On est l\u00e0 pour t\u2019accompagner. Remplis le formulaire ci-dessous ou contacte-nous pour prendre rendez-vous avec nous.\u00ab Peu importe ton \u00e2ge \u00e0 partir de 15 ans, on t&rsquo;accueille en te rassurant. Tu es au bon endroit! Et quand tu repars plus confiant, c&rsquo;est mission accomplie! \u00bb Diane [&hellip;]<\/p>\n","protected":false},"author":5,"featured_media":0,"parent":0,"menu_order":0,"comment_status":"closed","ping_status":"closed","template":"","meta":{"_et_pb_use_builder":"on","_et_pb_old_content":"<!-- wp:divi\/placeholder \/-->","_et_gb_content_width":"","footnotes":""},"class_list":["post-16","page","type-page","status-publish","hentry"],"yoast_head":"<!-- This site is optimized with the Yoast SEO plugin v27.6 - https:\/\/yoast.com\/product\/yoast-seo-wordpress\/ -->\n<title>Contact | CJE des Bleuets<\/title>\n<meta name=\"robots\" content=\"index, follow, max-snippet:-1, max-image-preview:large, max-video-preview:-1\" \/>\n<link rel=\"canonical\" href=\"https:\/\/cjedesbleuets.ca\/fr\/contact\/\" \/>\n<meta property=\"og:locale\" content=\"fr_FR\" \/>\n<meta property=\"og:type\" content=\"article\" \/>\n<meta property=\"og:title\" content=\"Contact | CJE des Bleuets\" \/>\n<meta property=\"og:description\" content=\"CJE des Bleuets ContactPrends rendez-vous avec nous Besoin d&#039;informations? On est l\u00e0 pour t\u2019accompagner. Remplis le formulaire ci-dessous ou contacte-nous pour prendre rendez-vous avec nous.\u00ab Peu importe ton \u00e2ge \u00e0 partir de 15 ans, on t&#039;accueille en te rassurant. Tu es au bon endroit! Et quand tu repars plus confiant, c&#039;est mission accomplie! \u00bb Diane [&hellip;]\" \/>\n<meta property=\"og:url\" content=\"https:\/\/cjedesbleuets.ca\/fr\/contact\/\" \/>\n<meta property=\"og:site_name\" content=\"CJE des Bleuets\" \/>\n<meta property=\"article:modified_time\" content=\"2026-05-07T15:02:58+00:00\" \/>\n<meta property=\"og:image\" content=\"https:\/\/cjedesbleuets.ca\/wp-content\/uploads\/2025\/04\/cje-des-bleuets-site-web.jpg\" \/>\n\t<meta property=\"og:image:width\" content=\"1200\" \/>\n\t<meta property=\"og:image:height\" content=\"675\" \/>\n\t<meta property=\"og:image:type\" content=\"image\/jpeg\" \/>\n<meta name=\"twitter:card\" content=\"summary_large_image\" \/>\n<script type=\"application\/ld+json\" class=\"yoast-schema-graph\">{\"@context\":\"https:\\\/\\\/schema.org\",\"@graph\":[{\"@type\":\"WebPage\",\"@id\":\"https:\\\/\\\/cjedesbleuets.ca\\\/fr\\\/contact\\\/\",\"url\":\"https:\\\/\\\/cjedesbleuets.ca\\\/fr\\\/contact\\\/\",\"name\":\"Contact | CJE des Bleuets\",\"isPartOf\":{\"@id\":\"https:\\\/\\\/cjedesbleuets.ca\\\/fr\\\/#website\"},\"datePublished\":\"2025-02-04T16:43:09+00:00\",\"dateModified\":\"2026-05-07T15:02:58+00:00\",\"breadcrumb\":{\"@id\":\"https:\\\/\\\/cjedesbleuets.ca\\\/fr\\\/contact\\\/#breadcrumb\"},\"inLanguage\":\"fr-FR\",\"potentialAction\":[{\"@type\":\"ReadAction\",\"target\":[\"https:\\\/\\\/cjedesbleuets.ca\\\/fr\\\/contact\\\/\"]}]},{\"@type\":\"BreadcrumbList\",\"@id\":\"https:\\\/\\\/cjedesbleuets.ca\\\/fr\\\/contact\\\/#breadcrumb\",\"itemListElement\":[{\"@type\":\"ListItem\",\"position\":1,\"name\":\"Accueil\",\"item\":\"https:\\\/\\\/cjedesbleuets.ca\\\/fr\\\/\"},{\"@type\":\"ListItem\",\"position\":2,\"name\":\"Contact\"}]},{\"@type\":\"WebSite\",\"@id\":\"https:\\\/\\\/cjedesbleuets.ca\\\/fr\\\/#website\",\"url\":\"https:\\\/\\\/cjedesbleuets.ca\\\/fr\\\/\",\"name\":\"CJE des Bleuets\",\"description\":\"\",\"potentialAction\":[{\"@type\":\"SearchAction\",\"target\":{\"@type\":\"EntryPoint\",\"urlTemplate\":\"https:\\\/\\\/cjedesbleuets.ca\\\/fr\\\/?s={search_term_string}\"},\"query-input\":{\"@type\":\"PropertyValueSpecification\",\"valueRequired\":true,\"valueName\":\"search_term_string\"}}],\"inLanguage\":\"fr-FR\"}]}<\/script>\n<!-- \/ Yoast SEO plugin. -->","yoast_head_json":{"title":"Contact | CJE des Bleuets","robots":{"index":"index","follow":"follow","max-snippet":"max-snippet:-1","max-image-preview":"max-image-preview:large","max-video-preview":"max-video-preview:-1"},"canonical":"https:\/\/cjedesbleuets.ca\/fr\/contact\/","og_locale":"fr_FR","og_type":"article","og_title":"Contact | CJE des Bleuets","og_description":"CJE des Bleuets ContactPrends rendez-vous avec nous Besoin d'informations? On est l\u00e0 pour t\u2019accompagner. Remplis le formulaire ci-dessous ou contacte-nous pour prendre rendez-vous avec nous.\u00ab Peu importe ton \u00e2ge \u00e0 partir de 15 ans, on t'accueille en te rassurant. Tu es au bon endroit! Et quand tu repars plus confiant, c'est mission accomplie! \u00bb Diane [&hellip;]","og_url":"https:\/\/cjedesbleuets.ca\/fr\/contact\/","og_site_name":"CJE des Bleuets","article_modified_time":"2026-05-07T15:02:58+00:00","og_image":[{"width":1200,"height":675,"url":"https:\/\/cjedesbleuets.ca\/wp-content\/uploads\/2025\/04\/cje-des-bleuets-site-web.jpg","type":"image\/jpeg"}],"twitter_card":"summary_large_image","schema":{"@context":"https:\/\/schema.org","@graph":[{"@type":"WebPage","@id":"https:\/\/cjedesbleuets.ca\/fr\/contact\/","url":"https:\/\/cjedesbleuets.ca\/fr\/contact\/","name":"Contact | CJE des Bleuets","isPartOf":{"@id":"https:\/\/cjedesbleuets.ca\/fr\/#website"},"datePublished":"2025-02-04T16:43:09+00:00","dateModified":"2026-05-07T15:02:58+00:00","breadcrumb":{"@id":"https:\/\/cjedesbleuets.ca\/fr\/contact\/#breadcrumb"},"inLanguage":"fr-FR","potentialAction":[{"@type":"ReadAction","target":["https:\/\/cjedesbleuets.ca\/fr\/contact\/"]}]},{"@type":"BreadcrumbList","@id":"https:\/\/cjedesbleuets.ca\/fr\/contact\/#breadcrumb","itemListElement":[{"@type":"ListItem","position":1,"name":"Accueil","item":"https:\/\/cjedesbleuets.ca\/fr\/"},{"@type":"ListItem","position":2,"name":"Contact"}]},{"@type":"WebSite","@id":"https:\/\/cjedesbleuets.ca\/fr\/#website","url":"https:\/\/cjedesbleuets.ca\/fr\/","name":"CJE des Bleuets","description":"","potentialAction":[{"@type":"SearchAction","target":{"@type":"EntryPoint","urlTemplate":"https:\/\/cjedesbleuets.ca\/fr\/?s={search_term_string}"},"query-input":{"@type":"PropertyValueSpecification","valueRequired":true,"valueName":"search_term_string"}}],"inLanguage":"fr-FR"}]}},"_links":{"self":[{"href":"https:\/\/cjedesbleuets.ca\/fr\/wp-json\/wp\/v2\/pages\/16","targetHints":{"allow":["GET"]}}],"collection":[{"href":"https:\/\/cjedesbleuets.ca\/fr\/wp-json\/wp\/v2\/pages"}],"about":[{"href":"https:\/\/cjedesbleuets.ca\/fr\/wp-json\/wp\/v2\/types\/page"}],"author":[{"embeddable":true,"href":"https:\/\/cjedesbleuets.ca\/fr\/wp-json\/wp\/v2\/users\/5"}],"replies":[{"embeddable":true,"href":"https:\/\/cjedesbleuets.ca\/fr\/wp-json\/wp\/v2\/comments?post=16"}],"version-history":[{"count":30,"href":"https:\/\/cjedesbleuets.ca\/fr\/wp-json\/wp\/v2\/pages\/16\/revisions"}],"predecessor-version":[{"id":524,"href":"https:\/\/cjedesbleuets.ca\/fr\/wp-json\/wp\/v2\/pages\/16\/revisions\/524"}],"wp:attachment":[{"href":"https:\/\/cjedesbleuets.ca\/fr\/wp-json\/wp\/v2\/media?parent=16"}],"curies":[{"name":"wp","href":"https:\/\/api.w.org\/{rel}","templated":true}]}}